{"id":116,"date":"2019-02-19T13:55:29","date_gmt":"2019-02-19T13:55:29","guid":{"rendered":"https:\/\/neu2019.strandhotelmoewe.de\/?page_id=116"},"modified":"2024-07-19T09:59:31","modified_gmt":"2024-07-19T09:59:31","slug":"angebote","status":"publish","type":"page","link":"https:\/\/www.strandhotelmoewe.de\/en\/angebote","title":{"rendered":"Offers"},"content":{"rendered":"<div class=\"wpb-content-wrapper\"><div class=\"vc_row wpb_row vc_row-fluid\"><div class=\"wpb_column vc_column_container vc_col-sm-12\"><div class=\"vc_column-inner\"><div class=\"wpb_wrapper\">\n\t<div class=\"wpb_text_column wpb_content_element\" >\n\t\t<div class=\"wpb_wrapper\">\n\t\t\t<div class=\"postmetadataheader\">\n<h1 class=\"postheader\" style=\"text-align: center;\">Offers<\/h1>\n<\/div>\n\n\t\t<\/div>\n\t<\/div>\n<div class=\"vc_row wpb_row vc_inner vc_row-fluid\"><div class=\"wpb_column vc_column_container vc_col-sm-12\"><div class=\"vc_column-inner\"><div class=\"wpb_wrapper\">\n\t<div class=\"wpb_text_column wpb_content_element\" >\n\t\t<div class=\"wpb_wrapper\">\n\t\t\t<p style=\"text-align: center;\">A whole year full of experiences.<br \/>\nWith our offers we offer you a whole year full of experiences.<\/p>\n<p style=\"text-align: center;\">Whether you want to spend a cultural weekend in our three imperial spas, stroll through the dreamy old town in the run-up to Christmas or along Europe's longest beach promenade, which stretches over 12 km across the four seaside resorts.<\/p>\n<h3 style=\"text-align: center;\">The Strandhotel M\u00f6we is looking forward to your visit.<\/h3>\n\n\t\t<\/div>\n\t<\/div>\n<\/div><\/div><\/div><\/div><div class=\"vc_empty_space\"   style=\"height: 32px\"><span class=\"vc_empty_space_inner\"><\/span><\/div><\/div><\/div><\/div><\/div><div class=\"vc_row wpb_row vc_row-fluid\"><div class=\"wpb_column vc_column_container vc_col-sm-12\"><div class=\"vc_column-inner\"><div class=\"wpb_wrapper\">\n\t<div class=\"wpb_text_column wpb_content_element  vc_custom_1570023955168\" >\n\t\t<div class=\"wpb_wrapper\">\n\t\t\t<h2 style=\"text-align: center;\">There's no time,<br \/>\nyou have to take it!<\/h2>\n\n\t\t<\/div>\n\t<\/div>\n<div class=\"vc_separator wpb_content_element vc_separator_align_center vc_sep_width_80 vc_sep_pos_align_center vc_separator_no_text vc_custom_1550585505539 wpb_content_element  vc_custom_1550585505539 wpb_content_element\" ><span class=\"vc_sep_holder vc_sep_holder_l\"><span style=\"border-color:#ff2c21;\" class=\"vc_sep_line\"><\/span><\/span><span class=\"vc_sep_holder vc_sep_holder_r\"><span style=\"border-color:#ff2c21;\" class=\"vc_sep_line\"><\/span><\/span>\n<\/div><div class=\"vc_empty_space\"   style=\"height: 10px\"><span class=\"vc_empty_space_inner\"><\/span><\/div><div class=\"vc_empty_space\"   style=\"height: 30px\"><span class=\"vc_empty_space_inner\"><\/span><\/div><\/div><\/div><\/div><\/div><div class=\"vc_row wpb_row vc_row-fluid\"><div class=\"wpb_column vc_column_container vc_col-sm-6\"><div class=\"vc_column-inner\"><div class=\"wpb_wrapper\">\n\t<div class=\"wpb_text_column wpb_content_element  vc_custom_1554300628290\" >\n\t\t<div class=\"wpb_wrapper\">\n\t\t\t<h2 style=\"text-align: center;\">7 days summer holiday on the<br \/>\nSunny island USEDOM<\/h2>\n\n\t\t<\/div>\n\t<\/div>\n<div class=\"vc_separator wpb_content_element vc_separator_align_center vc_sep_width_80 vc_sep_pos_align_center vc_separator_no_text vc_custom_1550585505539 wpb_content_element  vc_custom_1550585505539 wpb_content_element\" ><span class=\"vc_sep_holder vc_sep_holder_l\"><span style=\"border-color:#ff2c21;\" class=\"vc_sep_line\"><\/span><\/span><span class=\"vc_sep_holder vc_sep_holder_r\"><span style=\"border-color:#ff2c21;\" class=\"vc_sep_line\"><\/span><\/span>\n<\/div>\n\t<div class=\"wpb_text_column wpb_content_element\" >\n\t\t<div class=\"wpb_wrapper\">\n\t\t\t<p style=\"font-weight: 400;\"><strong>Usedom in summer<\/strong><\/p>\n<p style=\"font-weight: 400;\">A week on Usedom - it's relaxing, puts you in a good mood and, with the famous Baltic Sea breeze, it's healthy too! Take care of yourself and all your senses. On Usedom this will certainly not be difficult for you ...<\/p>\n<p style=\"font-weight: 400;\"><strong>The offer includes:<\/strong><\/p>\n<ul style=\"font-weight: 400;\">\n<li>\n<p style=\"font-weight: 400;\">7 nights<\/p>\n<\/li>\n<li>\n<p style=\"font-weight: 400;\">incl. breakfast<\/p>\n<\/li>\n<li>\n<p style=\"font-weight: 400;\">in a double room on the sea side with balcony\/terrace<\/p>\n<\/li>\n<\/ul>\n\n\t\t<\/div>\n\t<\/div>\n\n\t<div class=\"wpb_text_column wpb_content_element\" >\n\t\t<div class=\"wpb_wrapper\">\n\t\t\t<h3><strong><b>Price per room &amp; offer (7 nights):<\/b><br \/>\n<b>Double room:<\/b>\u00a0from \u20ac <b>1.435,00<\/b><br \/>\n<b>Single room:<\/b>\u00a0from \u20ac <b>945,00<\/b><\/strong><\/h3>\n\n\t\t<\/div>\n\t<\/div>\n<\/div><\/div><\/div><div class=\"wpb_column vc_column_container vc_col-sm-6\"><div class=\"vc_column-inner\"><div class=\"wpb_wrapper\">\n\t<div class=\"wpb_text_column wpb_content_element  vc_custom_1554300635524\" >\n\t\t<div class=\"wpb_wrapper\">\n\t\t\t<h2 style=\"text-align: center;\">14 days summer holiday on the<br \/>\nSunny island USEDOM<\/h2>\n\n\t\t<\/div>\n\t<\/div>\n<div class=\"vc_separator wpb_content_element vc_separator_align_center vc_sep_width_80 vc_sep_pos_align_center vc_separator_no_text vc_custom_1550585511352 wpb_content_element  vc_custom_1550585511352 wpb_content_element\" ><span class=\"vc_sep_holder vc_sep_holder_l\"><span style=\"border-color:#ff2c21;\" class=\"vc_sep_line\"><\/span><\/span><span class=\"vc_sep_holder vc_sep_holder_r\"><span style=\"border-color:#ff2c21;\" class=\"vc_sep_line\"><\/span><\/span>\n<\/div><div class=\"vc_empty_space\"   style=\"height: 10px\"><span class=\"vc_empty_space_inner\"><\/span><\/div>\n\t<div class=\"wpb_text_column wpb_content_element\" >\n\t\t<div class=\"wpb_wrapper\">\n\t\t\t<p style=\"font-weight: 400;\"><strong>Usedom in summer<\/strong><\/p>\n<p style=\"font-weight: 400;\">A week on Usedom - it's relaxing, puts you in a good mood and, with the famous Baltic Sea breeze, it's healthy too! Take care of yourself and all your senses. On Usedom this will certainly not be difficult for you ...<\/p>\n<p style=\"font-weight: 400;\"><strong>The offer includes:<\/strong><\/p>\n<ul style=\"font-weight: 400;\">\n<li>\n<p style=\"font-weight: 400;\">14 nights<\/p>\n<\/li>\n<li>\n<p style=\"font-weight: 400;\">incl. breakfast<\/p>\n<\/li>\n<li>\n<p style=\"font-weight: 400;\">in a double room on the sea side with balcony\/terrace<\/p>\n<\/li>\n<\/ul>\n\n\t\t<\/div>\n\t<\/div>\n\n\t<div class=\"wpb_text_column wpb_content_element\" >\n\t\t<div class=\"wpb_wrapper\">\n\t\t\t<h3><strong><b>Price per room &amp; offer (14 nights):<\/b><br \/>\n<b>Double room: from \u20ac 2.870,00<br \/>\nSingle room: from \u20ac 1.890,00<\/b><\/strong><\/h3>\n\n\t\t<\/div>\n\t<\/div>\n<\/div><\/div><\/div><\/div><div class=\"vc_row wpb_row vc_row-fluid\"><div class=\"wpb_column vc_column_container vc_col-sm-6\"><div class=\"vc_column-inner\"><div class=\"wpb_wrapper\">\n\t<div class=\"wpb_text_column wpb_content_element  vc_custom_1550585479388\" >\n\t\t<div class=\"wpb_wrapper\">\n\t\t\t<h2 style=\"text-align: center;\">4 pampering days to get to know each other<\/h2>\n\n\t\t<\/div>\n\t<\/div>\n<div class=\"vc_separator wpb_content_element vc_separator_align_center vc_sep_width_80 vc_sep_pos_align_center vc_separator_no_text vc_custom_1550585505539 wpb_content_element  vc_custom_1550585505539 wpb_content_element\" ><span class=\"vc_sep_holder vc_sep_holder_l\"><span style=\"border-color:#ff2c21;\" class=\"vc_sep_line\"><\/span><\/span><span class=\"vc_sep_holder vc_sep_holder_r\"><span style=\"border-color:#ff2c21;\" class=\"vc_sep_line\"><\/span><\/span>\n<\/div><div class=\"vc_empty_space\"   style=\"height: 10px\"><span class=\"vc_empty_space_inner\"><\/span><\/div>\n\t<div class=\"wpb_text_column wpb_content_element\" >\n\t\t<div class=\"wpb_wrapper\">\n\t\t\t<p><strong>Bookable in the period from 01.04. - 13.06.<br \/>\n(public holidays and bridge days are excluded)<\/strong><\/p>\n<p><strong>4 days of pure enjoyment &amp; relaxation.<\/strong><\/p>\n<ul>\n<li>\n<p style=\"font-weight: 400;\">Double room sea side with balcony<\/p>\n<\/li>\n<li>\n<p style=\"font-weight: 400;\">Occupancy by 2 persons<\/p>\n<\/li>\n<li>incl. breakfast<\/li>\n<li>at the Strandhotel M\u00f6we<\/li>\n<li>Use of our in-house sauna<\/li>\n<li>Bathrobe with slippers,<\/li>\n<li>and towels<\/li>\n<\/ul>\n\n\t\t<\/div>\n\t<\/div>\n\n\t<div class=\"wpb_text_column wpb_content_element\" >\n\t\t<div class=\"wpb_wrapper\">\n\t\t\t<h3><strong>Travel price \u20ac 600,00 per room<\/strong><\/h3>\n\n\t\t<\/div>\n\t<\/div>\n<\/div><\/div><\/div><div class=\"wpb_column vc_column_container vc_col-sm-6\"><div class=\"vc_column-inner\"><div class=\"wpb_wrapper\">\n\t<div class=\"wpb_text_column wpb_content_element  vc_custom_1554566135481\" >\n\t\t<div class=\"wpb_wrapper\">\n\t\t\t<h2 style=\"text-align: center;\">Golf for two<\/h2>\n\n\t\t<\/div>\n\t<\/div>\n<div class=\"vc_separator wpb_content_element vc_separator_align_center vc_sep_width_80 vc_sep_pos_align_center vc_separator_no_text vc_custom_1550585511352 wpb_content_element  vc_custom_1550585511352 wpb_content_element\" ><span class=\"vc_sep_holder vc_sep_holder_l\"><span style=\"border-color:#ff2c21;\" class=\"vc_sep_line\"><\/span><\/span><span class=\"vc_sep_holder vc_sep_holder_r\"><span style=\"border-color:#ff2c21;\" class=\"vc_sep_line\"><\/span><\/span>\n<\/div><div class=\"vc_empty_space\"   style=\"height: 10px\"><span class=\"vc_empty_space_inner\"><\/span><\/div>\n\t<div class=\"wpb_text_column wpb_content_element\" >\n\t\t<div class=\"wpb_wrapper\">\n\t\t\t<p><strong>April -October<\/strong><\/p>\n<p><strong>Our services:<\/strong><\/p>\n<ul>\n<li>7 nights incl. breakfast in a double room on the sea side with balcony\/terrace<br \/>\n<strong>Occupancy by 2 persons<\/strong><\/li>\n<li>free parking directly at the hotel in Seebad Bansin<\/li>\n<li>free use of the sauna area<\/li>\n<li>free use of W-LAN in our hotel<\/li>\n<li>2x 18 hole green fee at the partner golf club Balmer See (distance approx. 10 km)<\/li>\n<\/ul>\n\n\t\t<\/div>\n\t<\/div>\n\n\t<div class=\"wpb_text_column wpb_content_element\" >\n\t\t<div class=\"wpb_wrapper\">\n\t\t\t<h3><strong>Travel price from \u20ac 1.400,00 per room<\/strong><\/h3>\n\n\t\t<\/div>\n\t<\/div>\n<\/div><\/div><\/div><\/div><div class=\"vc_row wpb_row vc_row-fluid\"><div class=\"wpb_column vc_column_container vc_col-sm-12\"><div class=\"vc_column-inner\"><div class=\"wpb_wrapper\">\n\t<div class=\"wpb_text_column wpb_content_element  vc_custom_1550585475179\" >\n\t\t<div class=\"wpb_wrapper\">\n\t\t\t<h2 style=\"text-align: center;\">Flight arrangements<\/h2>\n\n\t\t<\/div>\n\t<\/div>\n<div class=\"vc_separator wpb_content_element vc_separator_align_center vc_sep_width_80 vc_sep_pos_align_center vc_separator_no_text vc_custom_1550585511352 wpb_content_element  vc_custom_1550585511352 wpb_content_element\" ><span class=\"vc_sep_holder vc_sep_holder_l\"><span style=\"border-color:#ff2c21;\" class=\"vc_sep_line\"><\/span><\/span><span class=\"vc_sep_holder vc_sep_holder_r\"><span style=\"border-color:#ff2c21;\" class=\"vc_sep_line\"><\/span><\/span>\n<\/div><div class=\"vc_empty_space\"   style=\"height: 10px\"><span class=\"vc_empty_space_inner\"><\/span><\/div><div class=\"vc_row wpb_row vc_inner vc_row-fluid\"><div class=\"wpb_column vc_column_container vc_col-sm-6\"><div class=\"vc_column-inner\"><div class=\"wpb_wrapper\">\n\t<div class=\"wpb_text_column wpb_content_element\" >\n\t\t<div class=\"wpb_wrapper\">\n\t\t\t<p><strong>Fly with Eurowings, Air Baltic, Lufthansa from April to October to the sunny island of Usedom. (bookable April to October)<\/strong><\/p>\n<p><strong>Our services:<\/strong><\/p>\n<ul>\n<li>7 nights incl. breakfast buffet in double room<\/li>\n<li>Return flight (from Dortmund, Frankfurt\/M, D`dorf, Cologne, Stuttgart, Rostock, Zurich, Vienna, Basel, Bern, Linz)<\/li>\n<li>Round trip transfer airport - hotel<\/li>\n<li>Occupancy by 2 persons<\/li>\n<li>Use of the in-house sauna<\/li>\n<li>Welcome drink, fruit basket<\/li>\n<li>Bathrobe<\/li>\n<li>Central Internet access for gas-owned laptop available (free of charge)<\/li>\n<\/ul>\n\n\t\t<\/div>\n\t<\/div>\n\n\t<div class=\"wpb_text_column wpb_content_element\" >\n\t\t<div class=\"wpb_wrapper\">\n\t\t\t<h3><strong>Per person from \u20ac 915,00<\/strong><\/h3>\n\n\t\t<\/div>\n\t<\/div>\n<\/div><\/div><\/div><div class=\"wpb_column vc_column_container vc_col-sm-6\"><div class=\"vc_column-inner\"><div class=\"wpb_wrapper\"><div class=\"vc_empty_space\"   style=\"height: 100px\"><span class=\"vc_empty_space_inner\"><\/span><\/div>\n\t<div  class=\"wpb_single_image wpb_content_element vc_align_center\">\n\t\t\n\t\t<figure class=\"wpb_wrapper vc_figure\">\n\t\t\t<div class=\"vc_single_image-wrapper   vc_box_border_grey\"><img loading=\"lazy\" decoding=\"async\" width=\"296\" height=\"265\" src=\"https:\/\/www.strandhotelmoewe.de\/wp-content\/uploads\/2019\/04\/image001.jpg\" class=\"vc_single_image-img attachment-large\" alt=\"\" title=\"2016_03_16_Usedom_Karte_Karstadt Sports\"  data-dt-location=\"https:\/\/www.strandhotelmoewe.de\/en\/angebote\/2016_03_16_usedom_karte_karstadt-sports\" \/><\/div>\n\t\t<\/figure>\n\t<\/div>\n<\/div><\/div><\/div><\/div><\/div><\/div><\/div><\/div>\n<\/div>","protected":false},"excerpt":{"rendered":"<p>Angebote Ein ganzes Jahr voller Erlebnisse. Mit unseren Angeboten bieten wir Ihnen ein ganzes Jahr voller Erlebnisse. Ob Sie ein Kulturwochenende in unseren drei Kaiserb\u00e4dern unternehmen, in der Vorweihnachtszeit durch die vertr\u00e4umte Altstadt oder \u00a0\u00fcber die l\u00e4ngste Strandpromenade Europas schlendern m\u00f6chten, welche sich auf einer L\u00e4nge von \u00fcber 12 km \u00fcber die vier Seeb\u00e4der erstreckt.&hellip;<\/p>","protected":false},"author":1,"featured_media":0,"parent":0,"menu_order":0,"comment_status":"closed","ping_status":"closed","template":"","meta":{"footnotes":""},"class_list":["post-116","page","type-page","status-publish","hentry","description-off"],"_links":{"self":[{"href":"https:\/\/www.strandhotelmoewe.de\/en\/wp-json\/wp\/v2\/pages\/116","targetHints":{"allow":["GET"]}}],"collection":[{"href":"https:\/\/www.strandhotelmoewe.de\/en\/wp-json\/wp\/v2\/pages"}],"about":[{"href":"https:\/\/www.strandhotelmoewe.de\/en\/wp-json\/wp\/v2\/types\/page"}],"author":[{"embeddable":true,"href":"https:\/\/www.strandhotelmoewe.de\/en\/wp-json\/wp\/v2\/users\/1"}],"replies":[{"embeddable":true,"href":"https:\/\/www.strandhotelmoewe.de\/en\/wp-json\/wp\/v2\/comments?post=116"}],"version-history":[{"count":0,"href":"https:\/\/www.strandhotelmoewe.de\/en\/wp-json\/wp\/v2\/pages\/116\/revisions"}],"wp:attachment":[{"href":"https:\/\/www.strandhotelmoewe.de\/en\/wp-json\/wp\/v2\/media?parent=116"}],"curies":[{"name":"wp","href":"https:\/\/api.w.org\/{rel}","templated":true}]}}