{"id":141,"date":"2019-02-19T17:20:40","date_gmt":"2019-02-19T17:20:40","guid":{"rendered":"https:\/\/neu2019.strandhotelmoewe.de\/?page_id=141"},"modified":"2019-04-06T15:47:55","modified_gmt":"2019-04-06T15:47:55","slug":"umgebung","status":"publish","type":"page","link":"https:\/\/www.strandhotelmoewe.de\/en\/umgebung","title":{"rendered":"Surroundings"},"content":{"rendered":"<div class=\"wpb-content-wrapper\"><div class=\"vc_row wpb_row vc_row-fluid\"><div class=\"wpb_column vc_column_container vc_col-sm-12\"><div class=\"vc_column-inner\"><div class=\"wpb_wrapper\">\n\t<div class=\"wpb_text_column wpb_content_element\" >\n\t\t<div class=\"wpb_wrapper\">\n\t\t\t<div class=\"postmetadataheader\">\n<h1 class=\"postheader\" style=\"text-align: center;\">The surroundings<\/h1>\n<\/div>\n\n\t\t<\/div>\n\t<\/div>\n<div class=\"vc_row wpb_row vc_inner vc_row-fluid\"><div class=\"wpb_column vc_column_container vc_col-sm-6\"><div class=\"vc_column-inner\"><div class=\"wpb_wrapper\">\n\t<div class=\"wpb_text_column wpb_content_element\" >\n\t\t<div class=\"wpb_wrapper\">\n\t\t\t<p style=\"text-align: justify;\">The seaside resorts of Ahlbeck, Heringsdorf and Bansin on the German side and Swinem\u00fcnde in Poland are among the most attractive destinations on Germany's second largest island - USEDOM.<\/p>\n<p style=\"text-align: justify;\">Usedom is an island characterised by hills, forests and inland lakes with the longest promenade in Europe. In addition to the 70 m wide, stone-free sandy beaches on the Baltic Sea, it is especially the\u00a0<a href=\"http:\/\/de.wikipedia.org\/wiki\/B%C3%A4derarchitektur\" target=\"_blank\" rel=\"noopener\">Spa architecture\u00a0<\/a>many visitors to the coast.<\/p>\n\n\t\t<\/div>\n\t<\/div>\n\n\t<div class=\"wpb_text_column wpb_content_element\" >\n\t\t<div class=\"wpb_wrapper\">\n\t\t\t<p style=\"text-align: justify;\">With almost 2000 hours of sunshine a year, Usedom is the sunniest region in Germany.<br \/>\nTreat yourself to relaxing walks, enjoy the spicy sea air and the constant fresh breeze while strolling on our piers.  Experience sophisticated nature as well as turbulent hustle and bustle.<br \/>\nEnjoy also the alternative to the sea - the Ostseetherme USEDOM with its year-round bathing paradise, the attractive health studio and the modern spa centre.<\/p>\n\n\t\t<\/div>\n\t<\/div>\n<\/div><\/div><\/div><div class=\"wpb_column vc_column_container vc_col-sm-6\"><div class=\"vc_column-inner\"><div class=\"wpb_wrapper\">\n\t<div  class=\"wpb_single_image wpb_content_element vc_align_center\">\n\t\t\n\t\t<figure class=\"wpb_wrapper vc_figure\">\n\t\t\t<div class=\"vc_single_image-wrapper   vc_box_border_grey\"><img loading=\"lazy\" decoding=\"async\" width=\"640\" height=\"439\" src=\"https:\/\/www.strandhotelmoewe.de\/wp-content\/uploads\/2019\/02\/die_umgebung_02.jpg\" class=\"vc_single_image-img attachment-large\" alt=\"\" title=\"Villas in Bansin\/Usedom\" srcset=\"https:\/\/www.strandhotelmoewe.de\/wp-content\/uploads\/2019\/02\/die_umgebung_02.jpg 640w, https:\/\/www.strandhotelmoewe.de\/wp-content\/uploads\/2019\/02\/die_umgebung_02-300x206.jpg 300w\" sizes=\"auto, (max-width: 640px) 100vw, 640px\"  data-dt-location=\"https:\/\/www.strandhotelmoewe.de\/en\/galerie\/villen-in-bansin-usedom\" \/><\/div>\n\t\t<\/figure>\n\t<\/div>\n<\/div><\/div><\/div><\/div>\n<div class=\"vc_grid-container-wrapper vc_clearfix vc_grid-animation-fadeIn\">\n\t<div class=\"vc_grid-container vc_clearfix wpb_content_element vc_media_grid\" data-initial-loading-animation=\"fadeIn\" data-vc-grid-settings=\"{&quot;page_id&quot;:141,&quot;style&quot;:&quot;all&quot;,&quot;action&quot;:&quot;vc_get_vc_grid_data&quot;,&quot;shortcode_id&quot;:&quot;1554565601600-6872f441-feec-2&quot;,&quot;tag&quot;:&quot;vc_media_grid&quot;}\" data-vc-request=\"https:\/\/www.strandhotelmoewe.de\/wp-admin\/admin-ajax.php\" data-vc-post-id=\"141\" data-vc-public-nonce=\"c27e04d5b5\">\n\t\t\n\t<\/div>\n<\/div><\/div><\/div><\/div><\/div><div class=\"vc_row wpb_row vc_row-fluid\"><div class=\"wpb_column vc_column_container vc_col-sm-12\"><div class=\"vc_column-inner\"><div class=\"wpb_wrapper\">\n\t<div class=\"wpb_text_column wpb_content_element\" >\n\t\t<div class=\"wpb_wrapper\">\n\t\t\t<div class=\"postmetadataheader\">\n<h1 class=\"postheader\" style=\"text-align: center;\">Sports and leisure<\/h1>\n<\/div>\n\n\t\t<\/div>\n\t<\/div>\n<div class=\"vc_row wpb_row vc_inner vc_row-fluid\"><div class=\"wpb_column vc_column_container vc_col-sm-6\"><div class=\"vc_column-inner\"><div class=\"wpb_wrapper\">\n\t<div class=\"wpb_text_column wpb_content_element\" >\n\t\t<div class=\"wpb_wrapper\">\n\t\t\t<p style=\"text-align: justify;\">We can organise tennis, surfing, sailing, island tours, boat trips, fish tasting as well as an evening at the casino or your first tee-off at golf.<\/p>\n<p style=\"text-align: justify;\">Near Balm, in the middle of a picturesque island landscape, one of the most beautiful golf courses in Germany awaits you. The area offers an 18-hole (par 72) championship golf course as well as a 6-hole short course, a driving range and a golf school.<\/p>\n\n\t\t<\/div>\n\t<\/div>\n<\/div><\/div><\/div><div class=\"wpb_column vc_column_container vc_col-sm-6\"><div class=\"vc_column-inner\"><div class=\"wpb_wrapper\">\n<div class=\"vc_grid-container-wrapper vc_clearfix vc_grid-animation-fadeIn\">\n\t<div class=\"vc_grid-container vc_clearfix wpb_content_element vc_media_grid\" data-initial-loading-animation=\"fadeIn\" data-vc-grid-settings=\"{&quot;page_id&quot;:141,&quot;style&quot;:&quot;all&quot;,&quot;action&quot;:&quot;vc_get_vc_grid_data&quot;,&quot;shortcode_id&quot;:&quot;1554565601602-b88b960e-6192-6&quot;,&quot;tag&quot;:&quot;vc_media_grid&quot;}\" data-vc-request=\"https:\/\/www.strandhotelmoewe.de\/wp-admin\/admin-ajax.php\" data-vc-post-id=\"141\" data-vc-public-nonce=\"c27e04d5b5\">\n\t\t\n\t<\/div>\n<\/div><\/div><\/div><\/div><\/div><div class=\"vc_row wpb_row vc_inner vc_row-fluid\"><div class=\"wpb_column vc_column_container vc_col-sm-6\"><div class=\"vc_column-inner\"><div class=\"wpb_wrapper\">\n<div class=\"vc_grid-container-wrapper vc_clearfix vc_grid-animation-fadeIn\">\n\t<div class=\"vc_grid-container vc_clearfix wpb_content_element vc_media_grid\" data-initial-loading-animation=\"fadeIn\" data-vc-grid-settings=\"{&quot;page_id&quot;:141,&quot;style&quot;:&quot;all&quot;,&quot;action&quot;:&quot;vc_get_vc_grid_data&quot;,&quot;shortcode_id&quot;:&quot;1554565601602-9048a0c6-ac55-1&quot;,&quot;tag&quot;:&quot;vc_media_grid&quot;}\" data-vc-request=\"https:\/\/www.strandhotelmoewe.de\/wp-admin\/admin-ajax.php\" data-vc-post-id=\"141\" data-vc-public-nonce=\"c27e04d5b5\">\n\t\t\n\t<\/div>\n<\/div><\/div><\/div><\/div><div class=\"wpb_column vc_column_container vc_col-sm-6\"><div class=\"vc_column-inner\"><div class=\"wpb_wrapper\">\n\t<div class=\"wpb_text_column wpb_content_element\" >\n\t\t<div class=\"wpb_wrapper\">\n\t\t\t<p style=\"text-align: justify;\">Or the Baltic Hills Golf Course in Korswandt. It offers you the first 19-hole golf course (incl. Mulligan hole) - in the Federal Republic of Germany. Beautifully embedded in the unique nature of the island. Guests of the island of Usedom can enjoy golf here in a relaxed atmosphere.<\/p>\n\n\t\t<\/div>\n\t<\/div>\n<\/div><\/div><\/div><\/div>\n\t<div class=\"wpb_text_column wpb_content_element\" >\n\t\t<div class=\"wpb_wrapper\">\n\t\t\t<p style=\"text-align: justify;\">In addition, there are leisure facilities such as seawater baths, a butterfly farm (Trassenheide), farms and handicraft businesses (Strandkorbmanufaktur Heringsdorf), climbing parks, museums and a number of cultural and children's activities.<\/p>\n<p style=\"text-align: justify;\">Here on Usedom on the Baltic coast you can draw new strength and experience unforgettable moments.<\/p>\n\n\t\t<\/div>\n\t<\/div>\n<\/div><\/div><\/div><\/div>\n<\/div>","protected":false},"excerpt":{"rendered":"<p>Die Umgebung Die Seeheilb\u00e4der Ahlbeck, Heringsdorf und Bansin auf deutscher Seiten sowie Swinem\u00fcnde in Polen geh\u00f6ren zu den attraktivsten Reisezielen auf Deutschlands zweitgr\u00f6\u00dfter Insel &#8211; USEDOM. Usedom ist eine von H\u00fcgeln, W\u00e4ldern und Binnenseen gepr\u00e4gte Insel mit der l\u00e4ngsten Promenade Europas. Neben den 70 m breiten steinfreien Sandstr\u00e4nden\u00a0 an der Ostsee lockt vor allem auch&hellip;<\/p>","protected":false},"author":1,"featured_media":0,"parent":0,"menu_order":0,"comment_status":"closed","ping_status":"closed","template":"","meta":{"footnotes":""},"class_list":["post-141","page","type-page","status-publish","hentry","description-off"],"_links":{"self":[{"href":"https:\/\/www.strandhotelmoewe.de\/en\/wp-json\/wp\/v2\/pages\/141","targetHints":{"allow":["GET"]}}],"collection":[{"href":"https:\/\/www.strandhotelmoewe.de\/en\/wp-json\/wp\/v2\/pages"}],"about":[{"href":"https:\/\/www.strandhotelmoewe.de\/en\/wp-json\/wp\/v2\/types\/page"}],"author":[{"embeddable":true,"href":"https:\/\/www.strandhotelmoewe.de\/en\/wp-json\/wp\/v2\/users\/1"}],"replies":[{"embeddable":true,"href":"https:\/\/www.strandhotelmoewe.de\/en\/wp-json\/wp\/v2\/comments?post=141"}],"version-history":[{"count":0,"href":"https:\/\/www.strandhotelmoewe.de\/en\/wp-json\/wp\/v2\/pages\/141\/revisions"}],"wp:attachment":[{"href":"https:\/\/www.strandhotelmoewe.de\/en\/wp-json\/wp\/v2\/media?parent=141"}],"curies":[{"name":"wp","href":"https:\/\/api.w.org\/{rel}","templated":true}]}}