{"id":218,"date":"2019-02-19T18:55:27","date_gmt":"2019-02-19T18:55:27","guid":{"rendered":"https:\/\/neu2019.strandhotelmoewe.de\/?page_id=218"},"modified":"2019-02-19T18:57:07","modified_gmt":"2019-02-19T18:57:07","slug":"agb","status":"publish","type":"page","link":"https:\/\/www.strandhotelmoewe.de\/en\/agb","title":{"rendered":"General terms and conditions of business"},"content":{"rendered":"<div class=\"wpb-content-wrapper\"><div class=\"vc_row wpb_row vc_row-fluid\"><div class=\"wpb_column vc_column_container vc_col-sm-12\"><div class=\"vc_column-inner\"><div class=\"wpb_wrapper\">\n\t<div class=\"wpb_text_column wpb_content_element\" >\n\t\t<div class=\"wpb_wrapper\">\n\t\t\t<div class=\"postmetadataheader\">\n<h1 class=\"postheader\" style=\"text-align: center;\">General terms and conditions of business<\/h1>\n<\/div>\n\n\t\t<\/div>\n\t<\/div>\n\n\t<div class=\"wpb_text_column wpb_content_element\" >\n\t\t<div class=\"wpb_wrapper\">\n\t\t\t<p><strong>1. validity of the conditions<\/strong><br \/>\nThese General Terms and Conditions (GTC) apply to all contracts concluded with the Strandhotel M\u00f6we, provided they meet the characteristics of the GTC Act. They can be replaced by conditions negotiated in individual cases. These terms and conditions are clearly and visibly displayed in the hotel and will be handed over separately to the guest or client upon agreement.<\/p>\n<p><strong>2. conclusion of the guest accommodation contract<\/strong><br \/>\nThe respective price list with the respective tariffs and service descriptions shall be authoritative. Otherwise, services and rates are subject to change. The guest accommodation contract (accommodation contract) can be concluded in writing, orally, by telephone or by conclusive behaviour. The conclusion of the guest accommodation contract obliges both contracting parties to fulfil the contract, regardless of the duration of the contract. In the case of hotel accommodation, the guest accommodation contract is concluded as soon as the room has been ordered and promised or - if a promise was not possible for reasons of time - made available.<\/p>\n<p><strong>3. reservations<\/strong><br \/>\nIf rooms or other services (e.g. meals) are reserved on an option basis, the option dates are binding for both contracting parties. After expiry of the option period, the Strandhotel M\u00f6we may freely dispose of the rooms and services booked on an option basis without consultation. Reserved rooms confirmed by the Strandhotel M\u00f6we will be made available from 3.00 p.m. on the day of arrival and by 10.00 a.m. on the day of departure. The Strandhotel M\u00f6we is entitled to allocate reserved rooms to other guests after 7.00 p.m. on the day of arrival, unless a later arrival time has been expressly agreed.<\/p>\n<p><strong>4. price changes<\/strong><br \/>\nAgreed prices can be changed by the Strandhotel M\u00f6we after conclusion of the contract according to the then valid price lists if the period between conclusion of the contract and provision of the individual service is more than 4 months.<\/p>\n<p><strong>5. terms of payment<\/strong><br \/>\nAfter receipt of the written travel confirmation, a deposit of 20 % of the tour price is due immediately. The remaining amount is due 30 days before departure without further request. In the case of short-term bookings 7-3 days before departure, unless other terms of payment have been expressly agreed, payment is due immediately upon receipt of the invoice, without any deductions and in cash. The acceptance and selection of credit cards is at the discretion of the Strandhotel M\u00f6we in each individual case of presentation of a credit card, even if the basic acceptance of credit cards is indicated by notices in the hotel.<br \/>\nCheques, credit cards and other means of payment are only accepted on account of performance. Delay in payment of even one invoice entitles the Strandhotel M\u00f6we to suspend all further and future services for the guest; the prerequisite is that the Strandhotel M\u00f6we has given notice of default by issuing a reminder setting a deadline and pointing out the consequences. If the invoice amount exceeds 250,- \u20ac or if the guest stays longer than six days in the hotel, the Strandhotel M\u00f6we is entitled to issue individual interim invoices and to demand payment from the guest.<\/p>\n<p><strong>6. advance payment<\/strong><br \/>\nThe Strandhotel M\u00f6we is entitled to demand advance payment from a guest who has not made a reservation, to the amount of the accommodation price at the conclusion of the guest accommodation contract. The Strandhotel M\u00f6we may, without any acceptance of order, make any reservation or other service to be performed or continued dependent on the full or partial payment in advance of the amounts expected to be owed, in the form of deposits, payments on account or total advance payments.<\/p>\n<p><strong>7. cancellations, cancellation fees<\/strong><br \/>\nIn cases of cancellation of reservations by the guest or non-utilization of the services offered by the Strandhotel M\u00f6we, the contractual services ordered and reserved, but not accepted by the guest, but offered by the hotel (in particular for guest accommodation and\/or catering) will be charged to the guest by the Strandhotel M\u00f6we at the following flat rates:<\/p>\n<p>- Cancellation between and including the 30th and 15th day prior to the provision of the respective service: charge of 30 % of the ordered\/reserved services.<\/p>\n<p>- Cancellation between and including the 14th and the 8th day before the provision of the respective services: Charge of 60 % of the ordered\/reserved services.<\/p>\n<p>- Cancellation between and including the 7th and the 3rd day before the provision of the respective services: Charge of 80 % of the ordered\/reserved services.<\/p>\n<p>- Cancellations within 48 hours before provision of the respective services or non-utilization of the respective services: Charge of 100 % of the ordered\/reserved services.<\/p>\n<p>The cancellation fees will be reduced by the amounts that are achieved through the subletting of the cancelled rooms or further charging of the services on the ordered\/reserved date on the part of the Strandhotel M\u00f6we.<\/p>\n<p>The aforementioned cancellation fees shall also apply if the ordered and reserved services have only been partially cancelled by the guest, in which case the aforementioned flat rates shall apply to the part of the services which has been cancelled, or if the guest does not make use of the ordered and reserved services without express cancellation.<\/p>\n<p><strong>8. liability<\/strong><br \/>\nThe liability of the Strandhotel M\u00f6we is governed by \u00a7\u00a7 701-703 of the German Civil Code (BGB). Liability for other reasons is excluded, unless the damage was caused by the Strandhotel M\u00f6we, their legal representatives or vicarious agents intentionally or grossly negligent.<\/p>\n<p><strong>9. withdrawal by the hotel<\/strong><br \/>\n<strong>a)<\/strong>\u00a0The hotel cannot unilaterally withdraw from the concluded contract. Exceptions are force majeure and strike.<\/p>\n<p><strong>b)<\/strong>\u00a0In case of non-provision, the hotel is obliged to provide the guest with a room of at least the same price category.<\/p>\n<p><strong>10. other provisions<\/strong><br \/>\n<strong>a)<\/strong>\u00a0The law of the Federal Republic of Germany applies to these conditions and the entire legal relationship between the Strandhotel M\u00f6we and the guest.<br \/>\n<strong>b)<\/strong>\u00a0The place of jurisdiction is the local or regional court responsible for the place of performance.<\/p>\n\n\t\t<\/div>\n\t<\/div>\n<\/div><\/div><\/div><\/div>\n<\/div>","protected":false},"excerpt":{"rendered":"<p>Allgemeine Gesch\u00e4ftsbedingungen 1. Geltung der Bedingungen Die vorliegenden Allgemeinen Gesch\u00e4ftsbedingungen (AGB) gelten f\u00fcr alle Vertr\u00e4ge, die mit dem Strandhotel M\u00f6we abgeschlossen werden, sofern sie die Merkmale des AGB-Gesetzes erf\u00fcllen. Sie k\u00f6nnen durch im Einzelfall ausgehandelten Bedingungen ersetz werden. Diese AGB hangen deutlich und allgemein sichtbar im Hotel aus und werden dem Gast oder Auftraggeber bei&hellip;<\/p>","protected":false},"author":1,"featured_media":0,"parent":0,"menu_order":0,"comment_status":"closed","ping_status":"closed","template":"","meta":{"footnotes":""},"class_list":["post-218","page","type-page","status-publish","hentry","description-off"],"_links":{"self":[{"href":"https:\/\/www.strandhotelmoewe.de\/en\/wp-json\/wp\/v2\/pages\/218","targetHints":{"allow":["GET"]}}],"collection":[{"href":"https:\/\/www.strandhotelmoewe.de\/en\/wp-json\/wp\/v2\/pages"}],"about":[{"href":"https:\/\/www.strandhotelmoewe.de\/en\/wp-json\/wp\/v2\/types\/page"}],"author":[{"embeddable":true,"href":"https:\/\/www.strandhotelmoewe.de\/en\/wp-json\/wp\/v2\/users\/1"}],"replies":[{"embeddable":true,"href":"https:\/\/www.strandhotelmoewe.de\/en\/wp-json\/wp\/v2\/comments?post=218"}],"version-history":[{"count":0,"href":"https:\/\/www.strandhotelmoewe.de\/en\/wp-json\/wp\/v2\/pages\/218\/revisions"}],"wp:attachment":[{"href":"https:\/\/www.strandhotelmoewe.de\/en\/wp-json\/wp\/v2\/media?parent=218"}],"curies":[{"name":"wp","href":"https:\/\/api.w.org\/{rel}","templated":true}]}}