{"id":176,"date":"2019-02-19T18:24:42","date_gmt":"2019-02-19T18:24:42","guid":{"rendered":"https:\/\/neu2019.strandhotelmoewe.de\/?page_id=176"},"modified":"2021-05-31T12:22:38","modified_gmt":"2021-05-31T12:22:38","slug":"golf","status":"publish","type":"page","link":"https:\/\/www.strandhotelmoewe.de\/pl\/golf","title":{"rendered":"Golf"},"content":{"rendered":"<div class=\"wpb-content-wrapper\"><div class=\"vc_row wpb_row vc_row-fluid\"><div class=\"wpb_column vc_column_container vc_col-sm-12\"><div class=\"vc_column-inner\"><div class=\"wpb_wrapper\">\n\t<div class=\"wpb_text_column wpb_content_element\" >\n\t\t<div class=\"wpb_wrapper\">\n\t\t\t<div class=\"postmetadataheader\">\n<h1 class=\"postheader\" style=\"text-align: center;\">Nasze oferty golfowe<\/h1>\n<\/div>\n\n\t\t<\/div>\n\t<\/div>\n<div class=\"vc_empty_space\"   style=\"height: 32px\"><span class=\"vc_empty_space_inner\"><\/span><\/div><\/div><\/div><\/div><\/div><div class=\"vc_row wpb_row vc_row-fluid\"><div class=\"wpb_column vc_column_container vc_col-sm-6\"><div class=\"vc_column-inner\"><div class=\"wpb_wrapper\">\n\t<div class=\"wpb_text_column wpb_content_element  vc_custom_1550598307411\" >\n\t\t<div class=\"wpb_wrapper\">\n\t\t\t<h2 style=\"text-align: center;\">Golf dla dwojga<\/h2>\n\n\t\t<\/div>\n\t<\/div>\n<div class=\"vc_separator wpb_content_element vc_separator_align_center vc_sep_width_80 vc_sep_pos_align_center vc_separator_no_text vc_custom_1550585505539 wpb_content_element  vc_custom_1550585505539 wpb_content_element\" ><span class=\"vc_sep_holder vc_sep_holder_l\"><span style=\"border-color:#ff2c21;\" class=\"vc_sep_line\"><\/span><\/span><span class=\"vc_sep_holder vc_sep_holder_r\"><span style=\"border-color:#ff2c21;\" class=\"vc_sep_line\"><\/span><\/span>\n<\/div><div class=\"vc_empty_space\"   style=\"height: 10px\"><span class=\"vc_empty_space_inner\"><\/span><\/div>\n\t<div class=\"wpb_text_column wpb_content_element\" >\n\t\t<div class=\"wpb_wrapper\">\n\t\t\t<p><strong>Kwiecie\u0144 - pa\u017adziernik 2021 r.<\/strong><\/p>\n<p><strong>Nasze us\u0142ugi:<\/strong><\/p>\n<ul>\n<li>7 nocleg\u00f3w z noclegiem i \u015bniadaniem w pokoju dwuosobowym od strony morza z balkonem\/tarasem<br \/>\n<strong>Ob\u0142o\u017cenie przez 2 osoby<\/strong><\/li>\n<li>bezp\u0142atny parking bezpo\u015brednio przy hotelu w Seebad Bansin<\/li>\n<li>bezp\u0142atne korzystanie z sauny<\/li>\n<li>bezp\u0142atne korzystanie z W-LAN w naszym hotelu<\/li>\n<li>2x 18-do\u0142kowe green fee w partnerskim klubie golfowym Balmer See (odleg\u0142o\u015b\u0107 ok. 10 km)<\/li>\n<\/ul>\n\n\t\t<\/div>\n\t<\/div>\n\n\t<div class=\"wpb_text_column wpb_content_element\" >\n\t\t<div class=\"wpb_wrapper\">\n\t\t\t<h3><strong>Cena podr\u00f3\u017cy od \u20ac 1.300,00 za pok\u00f3j<\/strong><\/h3>\n\n\t\t<\/div>\n\t<\/div>\n<\/div><\/div><\/div><div class=\"wpb_column vc_column_container vc_col-sm-6\"><div class=\"vc_column-inner\"><div class=\"wpb_wrapper\"><div class=\"vc_empty_space\"   style=\"height: 32px\"><span class=\"vc_empty_space_inner\"><\/span><\/div>\n<div class=\"vc_grid-container-wrapper vc_clearfix vc_grid-animation-fadeIn\">\n\t<div class=\"vc_grid-container vc_clearfix wpb_content_element vc_media_grid\" data-initial-loading-animation=\"fadeIn\" data-vc-grid-settings=\"{&quot;page_id&quot;:176,&quot;style&quot;:&quot;all&quot;,&quot;action&quot;:&quot;vc_get_vc_grid_data&quot;,&quot;shortcode_id&quot;:&quot;1622463747793-2aea5279-7dc0-1&quot;,&quot;tag&quot;:&quot;vc_media_grid&quot;}\" data-vc-request=\"https:\/\/www.strandhotelmoewe.de\/wp-admin\/admin-ajax.php\" data-vc-post-id=\"176\" data-vc-public-nonce=\"c27e04d5b5\">\n\t\t\n\t<\/div>\n<\/div><\/div><\/div><\/div><\/div>\n<\/div>","protected":false},"excerpt":{"rendered":"<p>Unsere Golf Angebote Golf f\u00fcr Zwei April \u2013Oktober 2021 Unsere Leistungen: 7x \u00dcbernachtungen inkl. Fr\u00fchst\u00fcck in einem Doppelzimmer zur Meerseite mit Balkon\/Terrasse Belegung durch 2 Personen kostenloser Parkplatz direkt am Hotel in Seebad Bansin freie Nutzung des Saunabereiches freie Nutzung des W-LAN in unserem Hotel 2x 18 Loch Greenfee im Partner Golfclub Balmer See (Entfernung&hellip;<\/p>","protected":false},"author":1,"featured_media":0,"parent":0,"menu_order":0,"comment_status":"closed","ping_status":"closed","template":"","meta":{"footnotes":""},"class_list":["post-176","page","type-page","status-publish","hentry","description-off"],"_links":{"self":[{"href":"https:\/\/www.strandhotelmoewe.de\/pl\/wp-json\/wp\/v2\/pages\/176","targetHints":{"allow":["GET"]}}],"collection":[{"href":"https:\/\/www.strandhotelmoewe.de\/pl\/wp-json\/wp\/v2\/pages"}],"about":[{"href":"https:\/\/www.strandhotelmoewe.de\/pl\/wp-json\/wp\/v2\/types\/page"}],"author":[{"embeddable":true,"href":"https:\/\/www.strandhotelmoewe.de\/pl\/wp-json\/wp\/v2\/users\/1"}],"replies":[{"embeddable":true,"href":"https:\/\/www.strandhotelmoewe.de\/pl\/wp-json\/wp\/v2\/comments?post=176"}],"version-history":[{"count":0,"href":"https:\/\/www.strandhotelmoewe.de\/pl\/wp-json\/wp\/v2\/pages\/176\/revisions"}],"wp:attachment":[{"href":"https:\/\/www.strandhotelmoewe.de\/pl\/wp-json\/wp\/v2\/media?parent=176"}],"curies":[{"name":"wp","href":"https:\/\/api.w.org\/{rel}","templated":true}]}}