{"id":19,"date":"2019-02-14T14:59:27","date_gmt":"2019-02-14T14:59:27","guid":{"rendered":"https:\/\/neu2019.strandhotelmoewe.de\/?page_id=19"},"modified":"2025-10-09T10:18:09","modified_gmt":"2025-10-09T10:18:09","slug":"startseite","status":"publish","type":"page","link":"https:\/\/www.strandhotelmoewe.de\/pl\/","title":{"rendered":"Strona g\u0142\u00f3wna"},"content":{"rendered":"<div class=\"wpb-content-wrapper\"><div class=\"vc_row wpb_row vc_row-fluid\"><div class=\"wpb_column vc_column_container vc_col-sm-12\"><div class=\"vc_column-inner\"><div class=\"wpb_wrapper\">\n\t<div class=\"wpb_text_column wpb_content_element\" >\n\t\t<div class=\"wpb_wrapper\">\n\t\t\t<div class=\"postmetadataheader\">\n<h1 class=\"postheader\" style=\"text-align: center;\">Witamy w hotelu Strandhotel M\u00f6we<\/h1>\n<\/div>\n\n\t\t<\/div>\n\t<\/div>\n\n\t<div class=\"wpb_text_column wpb_content_element\" >\n\t\t<div class=\"wpb_wrapper\">\n\t\t\t<p style=\"text-align: center;\">Przytulny dom znajduje si\u0119 oko\u0142o 20 metr\u00f3w od pi\u0119knej pla\u017cy. Do molo i centrum miasta jest zaledwie kilka minut spacerem. Ten pi\u0119knie odrestaurowany budynek willi w rodzinnej atmosferze zosta\u0142 otwarty w 1997 roku jako komfortowy hotel garni.<br \/>\nZ recepcj\u0105, jadalni\u0105 dla bogatych, codziennym \u015bwie\u017cym \u015bniadaniem w formie bufetu, jak r\u00f3wnie\u017c stref\u0105 wellness z w\u0142asn\u0105 saun\u0105.<\/p>\n\n\t\t<\/div>\n\t<\/div>\n\n\t<div class=\"wpb_text_column wpb_content_element\" >\n\t\t<div class=\"wpb_wrapper\">\n\t\t\t<h3 style=\"text-align: center;\">Strandhotel M\u00f6we cieszy si\u0119 na Pa\u0144stwa wizyt\u0119.<\/h3>\n\n\t\t<\/div>\n\t<\/div>\n<div class=\"vc_row wpb_row vc_inner vc_row-fluid\"><div class=\"wpb_column vc_column_container vc_col-sm-4\"><div class=\"vc_column-inner\"><div class=\"wpb_wrapper\">\n\t<div class=\"wpb_text_column wpb_content_element  vc_custom_1554673380912\" >\n\t\t<div class=\"wpb_wrapper\">\n\t\t\t<h3 style=\"text-align: center;\"><a href=\"https:\/\/www.strandhotelmoewe.de\/pl\/das_hotel\/\">Hotel<\/a><\/h3>\n\n\t\t<\/div>\n\t<\/div>\n\n\t<div  class=\"wpb_single_image wpb_content_element vc_align_center  vc_custom_1550582615527\">\n\t\t\n\t\t<figure class=\"wpb_wrapper vc_figure\">\n\t\t\t<a href=\"\/pl\/das_hotel\/\" target=\"_self\"  class=\"vc_single_image-wrapper   vc_box_border_grey rollover\"   ><img loading=\"lazy\" decoding=\"async\" width=\"300\" height=\"200\" src=\"https:\/\/www.strandhotelmoewe.de\/wp-content\/uploads\/2019\/02\/Hotel_moewe_bansin_usedom_haus_DSC01055-300x200.jpg\" class=\"vc_single_image-img attachment-medium\" alt=\"\" title=\"Hotel_moewe_bansin_usedom_haus_DSC01055\" srcset=\"https:\/\/www.strandhotelmoewe.de\/wp-content\/uploads\/2019\/02\/Hotel_moewe_bansin_usedom_haus_DSC01055-300x200.jpg 300w, https:\/\/www.strandhotelmoewe.de\/wp-content\/uploads\/2019\/02\/Hotel_moewe_bansin_usedom_haus_DSC01055-768x512.jpg 768w, https:\/\/www.strandhotelmoewe.de\/wp-content\/uploads\/2019\/02\/Hotel_moewe_bansin_usedom_haus_DSC01055-1024x682.jpg 1024w, https:\/\/www.strandhotelmoewe.de\/wp-content\/uploads\/2019\/02\/Hotel_moewe_bansin_usedom_haus_DSC01055.jpg 1400w\" sizes=\"auto, (max-width: 300px) 100vw, 300px\"  data-dt-location=\"https:\/\/www.strandhotelmoewe.de\/pl\/das_hotel\/hotel_moewe_bansin_usedom_haus_dsc01055\" \/><\/a>\n\t\t<\/figure>\n\t<\/div>\n<\/div><\/div><\/div><div class=\"wpb_column vc_column_container vc_col-sm-4\"><div class=\"vc_column-inner\"><div class=\"wpb_wrapper\">\n\t<div class=\"wpb_text_column wpb_content_element  vc_custom_1554673390127\" >\n\t\t<div class=\"wpb_wrapper\">\n\t\t\t<h3 style=\"text-align: center;\"><a href=\"\/pl\/das_hotel\/#!\/zimmer\">Pok\u00f3j<\/a><\/h3>\n\n\t\t<\/div>\n\t<\/div>\n\n\t<div  class=\"wpb_single_image wpb_content_element vc_align_center  vc_custom_1628065853200\">\n\t\t\n\t\t<figure class=\"wpb_wrapper vc_figure\">\n\t\t\t<a href=\"\/pl\/angebote\/\" target=\"_self\"  class=\"vc_single_image-wrapper   vc_box_border_grey rollover\"   ><img loading=\"lazy\" decoding=\"async\" width=\"300\" height=\"200\" src=\"https:\/\/www.strandhotelmoewe.de\/wp-content\/uploads\/2021\/06\/Zimmer-31-DSC05507-HDR-300x200.jpg\" class=\"vc_single_image-img attachment-medium\" alt=\"\" title=\"Pok\u00f3j 31 DSC05507-HDR\" srcset=\"https:\/\/www.strandhotelmoewe.de\/wp-content\/uploads\/2021\/06\/Zimmer-31-DSC05507-HDR-300x200.jpg 300w, https:\/\/www.strandhotelmoewe.de\/wp-content\/uploads\/2021\/06\/Zimmer-31-DSC05507-HDR-768x512.jpg 768w, https:\/\/www.strandhotelmoewe.de\/wp-content\/uploads\/2021\/06\/Zimmer-31-DSC05507-HDR-1024x683.jpg 1024w, https:\/\/www.strandhotelmoewe.de\/wp-content\/uploads\/2021\/06\/Zimmer-31-DSC05507-HDR-16x12.jpg 16w, https:\/\/www.strandhotelmoewe.de\/wp-content\/uploads\/2021\/06\/Zimmer-31-DSC05507-HDR.jpg 2048w\" sizes=\"auto, (max-width: 300px) 100vw, 300px\"  data-dt-location=\"https:\/\/www.strandhotelmoewe.de\/pl\/das_hotel\/zimmer-31-dsc05507-hdr\" \/><\/a>\n\t\t<\/figure>\n\t<\/div>\n<\/div><\/div><\/div><div class=\"wpb_column vc_column_container vc_col-sm-4\"><div class=\"vc_column-inner\"><div class=\"wpb_wrapper\">\n\t<div class=\"wpb_text_column wpb_content_element  vc_custom_1554673415048\" >\n\t\t<div class=\"wpb_wrapper\">\n\t\t\t<h3 style=\"text-align: center;\"><a href=\"https:\/\/www.strandhotelmoewe.de\/pl\/unser-service\/\">Nasze us\u0142ugi<\/a><\/h3>\n\n\t\t<\/div>\n\t<\/div>\n\n\t<div  class=\"wpb_single_image wpb_content_element vc_align_center  vc_custom_1550584758037\">\n\t\t\n\t\t<figure class=\"wpb_wrapper vc_figure\">\n\t\t\t<a href=\"\/pl\/unser-service\/\" target=\"_self\"  class=\"vc_single_image-wrapper   vc_box_border_grey rollover\"   ><img loading=\"lazy\" decoding=\"async\" width=\"300\" height=\"200\" src=\"https:\/\/www.strandhotelmoewe.de\/wp-content\/uploads\/2019\/02\/Hotel_moewe_bansin_usedom_haus_DSC01049-300x200.jpg\" class=\"vc_single_image-img attachment-medium\" alt=\"\" title=\"Hotel_moewe_bansin_usedom_haus_DSC01049\" srcset=\"https:\/\/www.strandhotelmoewe.de\/wp-content\/uploads\/2019\/02\/Hotel_moewe_bansin_usedom_haus_DSC01049-300x200.jpg 300w, https:\/\/www.strandhotelmoewe.de\/wp-content\/uploads\/2019\/02\/Hotel_moewe_bansin_usedom_haus_DSC01049-768x512.jpg 768w, https:\/\/www.strandhotelmoewe.de\/wp-content\/uploads\/2019\/02\/Hotel_moewe_bansin_usedom_haus_DSC01049-1024x682.jpg 1024w, https:\/\/www.strandhotelmoewe.de\/wp-content\/uploads\/2019\/02\/Hotel_moewe_bansin_usedom_haus_DSC01049.jpg 1400w\" sizes=\"auto, (max-width: 300px) 100vw, 300px\"  data-dt-location=\"https:\/\/www.strandhotelmoewe.de\/pl\/das_hotel\/hotel_moewe_bansin_usedom_haus_dsc01049\" \/><\/a>\n\t\t<\/figure>\n\t<\/div>\n<\/div><\/div><\/div><\/div><div class=\"vc_row wpb_row vc_inner vc_row-fluid\"><div class=\"wpb_column vc_column_container vc_col-sm-4\"><div class=\"vc_column-inner\"><div class=\"wpb_wrapper\">\n\t<div class=\"wpb_text_column wpb_content_element  vc_custom_1760004794715\" >\n\t\t<div class=\"wpb_wrapper\">\n\t\t\t<h3 style=\"text-align: center;\"><a href=\"https:\/\/onepagebooking.com\/hotelmoewe\" target=\"_blank\" rel=\"noopener\">direkt zur Buchung<\/a><\/h3>\n\n\t\t<\/div>\n\t<\/div>\n\n\t<div  class=\"wpb_single_image wpb_content_element vc_align_center  vc_custom_1760004781998\">\n\t\t\n\t\t<figure class=\"wpb_wrapper vc_figure\">\n\t\t\t<a href=\"https:\/\/onepagebooking.com\/hotelmoewe\" target=\"_blank\"  class=\"vc_single_image-wrapper   vc_box_border_grey rollover\"   ><img loading=\"lazy\" decoding=\"async\" width=\"300\" height=\"200\" src=\"https:\/\/www.strandhotelmoewe.de\/wp-content\/uploads\/2019\/02\/Hotel_moewe_bansin_usedom_haus_DSC06840-300x200.jpg\" class=\"vc_single_image-img attachment-medium\" alt=\"\" title=\"Hotel_moewe_bansin_usedom_haus_DSC06840\" srcset=\"https:\/\/www.strandhotelmoewe.de\/wp-content\/uploads\/2019\/02\/Hotel_moewe_bansin_usedom_haus_DSC06840-300x200.jpg 300w, https:\/\/www.strandhotelmoewe.de\/wp-content\/uploads\/2019\/02\/Hotel_moewe_bansin_usedom_haus_DSC06840-768x512.jpg 768w, https:\/\/www.strandhotelmoewe.de\/wp-content\/uploads\/2019\/02\/Hotel_moewe_bansin_usedom_haus_DSC06840-1024x683.jpg 1024w, https:\/\/www.strandhotelmoewe.de\/wp-content\/uploads\/2019\/02\/Hotel_moewe_bansin_usedom_haus_DSC06840.jpg 1400w\" sizes=\"auto, (max-width: 300px) 100vw, 300px\"  data-dt-location=\"https:\/\/www.strandhotelmoewe.de\/pl\/das_hotel\/hotel_moewe_bansin_usedom_haus_dsc06840\" \/><\/a>\n\t\t<\/figure>\n\t<\/div>\n<\/div><\/div><\/div><div class=\"wpb_column vc_column_container vc_col-sm-4\"><div class=\"vc_column-inner\"><div class=\"wpb_wrapper\">\n\t<div class=\"wpb_text_column wpb_content_element  vc_custom_1760004845196\" >\n\t\t<div class=\"wpb_wrapper\">\n\t\t\t<h3 style=\"text-align: center;\"><a href=\"https:\/\/www.strandhotelmoewe.de\/pl\/urlaub-mit-hund\/\">Urlaub mit Hund<\/a><\/h3>\n\n\t\t<\/div>\n\t<\/div>\n\n\t<div  class=\"wpb_single_image wpb_content_element vc_align_center  vc_custom_1760005081372\">\n\t\t\n\t\t<figure class=\"wpb_wrapper vc_figure\">\n\t\t\t<a href=\"https:\/\/www.strandhotelmoewe.de\/pl\/urlaub-mit-hund\/\" target=\"_self\"  class=\"vc_single_image-wrapper   vc_box_border_grey rollover\"   ><img loading=\"lazy\" decoding=\"async\" width=\"300\" height=\"200\" src=\"https:\/\/www.strandhotelmoewe.de\/wp-content\/uploads\/2025\/10\/dog-2111757_1920-300x200.jpg\" class=\"vc_single_image-img attachment-medium\" alt=\"\" title=\"dog-2111757_1920\" srcset=\"https:\/\/www.strandhotelmoewe.de\/wp-content\/uploads\/2025\/10\/dog-2111757_1920-300x200.jpg 300w, https:\/\/www.strandhotelmoewe.de\/wp-content\/uploads\/2025\/10\/dog-2111757_1920-1024x683.jpg 1024w, https:\/\/www.strandhotelmoewe.de\/wp-content\/uploads\/2025\/10\/dog-2111757_1920-768x512.jpg 768w, https:\/\/www.strandhotelmoewe.de\/wp-content\/uploads\/2025\/10\/dog-2111757_1920-1536x1024.jpg 1536w, https:\/\/www.strandhotelmoewe.de\/wp-content\/uploads\/2025\/10\/dog-2111757_1920-18x12.jpg 18w, https:\/\/www.strandhotelmoewe.de\/wp-content\/uploads\/2025\/10\/dog-2111757_1920.jpg 1920w\" sizes=\"auto, (max-width: 300px) 100vw, 300px\"  data-dt-location=\"https:\/\/www.strandhotelmoewe.de\/pl\/startseite\/dog-2111757_1920\" \/><\/a>\n\t\t<\/figure>\n\t<\/div>\n<\/div><\/div><\/div><div class=\"wpb_column vc_column_container vc_col-sm-4\"><div class=\"vc_column-inner\"><div class=\"wpb_wrapper\">\n\t<div class=\"wpb_text_column wpb_content_element  vc_custom_1554673405282\" >\n\t\t<div class=\"wpb_wrapper\">\n\t\t\t<h3 style=\"text-align: center;\"><a href=\"https:\/\/www.strandhotelmoewe.de\/pl\/angebote\/\">Oferty<\/a><\/h3>\n\n\t\t<\/div>\n\t<\/div>\n\n\t<div  class=\"wpb_single_image wpb_content_element vc_align_center  vc_custom_1550585813699\">\n\t\t\n\t\t<figure class=\"wpb_wrapper vc_figure\">\n\t\t\t<a href=\"\/pl\/angebote\/\" target=\"_self\"  class=\"vc_single_image-wrapper   vc_box_border_grey rollover\"   ><img loading=\"lazy\" decoding=\"async\" width=\"300\" height=\"200\" src=\"https:\/\/www.strandhotelmoewe.de\/wp-content\/uploads\/2019\/02\/Hotel_moewe_bansin_usedom_haus_DSC06790-300x200.jpg\" class=\"vc_single_image-img attachment-medium\" alt=\"\" title=\"Hotel_moewe_bansin_usedom_haus_DSC06790\" srcset=\"https:\/\/www.strandhotelmoewe.de\/wp-content\/uploads\/2019\/02\/Hotel_moewe_bansin_usedom_haus_DSC06790-300x200.jpg 300w, https:\/\/www.strandhotelmoewe.de\/wp-content\/uploads\/2019\/02\/Hotel_moewe_bansin_usedom_haus_DSC06790-768x512.jpg 768w, https:\/\/www.strandhotelmoewe.de\/wp-content\/uploads\/2019\/02\/Hotel_moewe_bansin_usedom_haus_DSC06790-1024x683.jpg 1024w, https:\/\/www.strandhotelmoewe.de\/wp-content\/uploads\/2019\/02\/Hotel_moewe_bansin_usedom_haus_DSC06790.jpg 1800w\" sizes=\"auto, (max-width: 300px) 100vw, 300px\"  data-dt-location=\"https:\/\/www.strandhotelmoewe.de\/pl\/hotel_moewe_bansin_usedom_haus_dsc06790\" \/><\/a>\n\t\t<\/figure>\n\t<\/div>\n<\/div><\/div><\/div><\/div><\/div><\/div><\/div><\/div>\n<\/div>","protected":false},"excerpt":{"rendered":"<p>Witamy w Strandhotel M\u00f6we Przytulny dom po\u0142o\u017cony jest oko\u0142o 20 metr\u00f3w od pi\u0119knej pla\u017cy. Do molo i centrum miasta jest zaledwie kilka minut spacerem. Odrestaurowany z mi\u0142o\u015bci\u0105 budynek willi, w kt\u00f3rym panuje rodzinna atmosfera, zosta\u0142 otwarty w 1997 roku jako komfortowy hotel garni. Z recepcj\u0105, jadalni\u0105 dla bogatych, codziennym \u015bwie\u017cym \u015bniadaniem w formie bufetu, jak r\u00f3wnie\u017c stref\u0105 wellness z w\u0142asn\u0105 saun\u0105. Strandhotel...<\/p>","protected":false},"author":1,"featured_media":0,"parent":0,"menu_order":0,"comment_status":"closed","ping_status":"closed","template":"","meta":{"footnotes":""},"class_list":["post-19","page","type-page","status-publish","hentry","description-off"],"_links":{"self":[{"href":"https:\/\/www.strandhotelmoewe.de\/pl\/wp-json\/wp\/v2\/pages\/19","targetHints":{"allow":["GET"]}}],"collection":[{"href":"https:\/\/www.strandhotelmoewe.de\/pl\/wp-json\/wp\/v2\/pages"}],"about":[{"href":"https:\/\/www.strandhotelmoewe.de\/pl\/wp-json\/wp\/v2\/types\/page"}],"author":[{"embeddable":true,"href":"https:\/\/www.strandhotelmoewe.de\/pl\/wp-json\/wp\/v2\/users\/1"}],"replies":[{"embeddable":true,"href":"https:\/\/www.strandhotelmoewe.de\/pl\/wp-json\/wp\/v2\/comments?post=19"}],"version-history":[{"count":3,"href":"https:\/\/www.strandhotelmoewe.de\/pl\/wp-json\/wp\/v2\/pages\/19\/revisions"}],"predecessor-version":[{"id":615,"href":"https:\/\/www.strandhotelmoewe.de\/pl\/wp-json\/wp\/v2\/pages\/19\/revisions\/615"}],"wp:attachment":[{"href":"https:\/\/www.strandhotelmoewe.de\/pl\/wp-json\/wp\/v2\/media?parent=19"}],"curies":[{"name":"wp","href":"https:\/\/api.w.org\/{rel}","templated":true}]}}