{"id":206,"date":"2019-02-19T18:32:26","date_gmt":"2019-02-19T18:32:26","guid":{"rendered":"https:\/\/neu2019.strandhotelmoewe.de\/?page_id=206"},"modified":"2021-11-23T15:53:49","modified_gmt":"2021-11-23T15:53:49","slug":"kontakt-anfahrt","status":"publish","type":"page","link":"https:\/\/www.strandhotelmoewe.de\/pl\/kontakt-anfahrt","title":{"rendered":"Kontakt i dojazd"},"content":{"rendered":"<div class=\"wpb-content-wrapper\"><div class=\"vc_row wpb_row vc_row-fluid\"><div class=\"wpb_column vc_column_container vc_col-sm-12\"><div class=\"vc_column-inner\"><div class=\"wpb_wrapper\">\n\t<div class=\"wpb_text_column wpb_content_element\" >\n\t\t<div class=\"wpb_wrapper\">\n\t\t\t<div class=\"postmetadataheader\">\n<h1 class=\"postheader\" style=\"text-align: center;\">Kontakt i dojazd<\/h1>\n<\/div>\n\n\t\t<\/div>\n\t<\/div>\n<div class=\"vc_row wpb_row vc_inner vc_row-fluid\"><div class=\"wpb_column vc_column_container vc_col-sm-6\"><div class=\"vc_column-inner\"><div class=\"wpb_wrapper\">\n\t<div class=\"wpb_text_column wpb_content_element\" >\n\t\t<div class=\"wpb_wrapper\">\n\t\t\t<p><strong>Strandhotel M\u00f6we Hotelbetriebs GmbH<\/strong><br \/>\nStrandpromenade 29<br \/>\n17429 Seebad Bansin<\/p>\n<p>Telefon: 038378 - 272-0<br \/>\nFaks: 038378 - 723-130<\/p>\n<p>Kontakt\u00a0<strong><br \/>\nNina Rupprecht<\/strong>\u00a0\/dyrektor zarz\u0105dzaj\u0105cy<\/p>\n<p>Internet:\u00a0<a href=\"https:\/\/www.strandhotelmoewe.de\/pl\/www.strandhotelmoewe.de\/\" target=\"_blank\" rel=\"noopener\">www.strandhotelmoewe.de<\/a><br \/>\nEmail:\u00a0<a href=\"mailto:info@strandhotelmoewe.de\" target=\"_blank\" rel=\"noopener\">info@strandhotelmoewe.de<\/a><\/p>\n<p>&nbsp;<\/p>\n<p><a href=\"https:\/\/www.google.com\/maps\/place\/Strandhotel+M%C3%B6we+Bansin\/@53.9718237,14.1496555,16z\/data=!4m5!1m2!2m1!1sStrandhotel+M%C3%B6we+seebad+binsen!3m1!1s0x47aaf82191d8faf1:0xdaa69f121acd0dab\" target=\"_blank\" rel=\"noopener\">Twoja droga do nas!<\/a><\/p>\n<p>Dla systemu nawigacyjnego adres<\/p>\n<p>Wejd\u017a na Bergstrasse 18 w 17429 Seebad Bansin.<\/p>\n\n\t\t<\/div>\n\t<\/div>\n\n\t<div class=\"wpb_raw_code wpb_raw_html wpb_content_element vc_custom_1550601969014\" >\n\t\t<div class=\"wpb_wrapper\">\n\t\t\t<div class=\"BorlabsCookie _brlbs-cb-googlemaps\"><div class=\"_brlbs-content-blocker\"> <div class=\"_brlbs-embed _brlbs-google-maps\"> <img class=\"_brlbs-thumbnail\" src=\"https:\/\/www.strandhotelmoewe.de\/wp-content\/plugins\/borlabs-cookie\/assets\/images\/cb-maps.png\" alt=\"Google Maps\"> <div class=\"_brlbs-caption\"> <p>Wczytuj\u0105c map\u0119, akceptujesz polityk\u0119 prywatno\u015bci Google.<br><a href=\"https:\/\/policies.google.com\/privacy\" target=\"_blank\" rel=\"nofollow noopener noreferrer\">Dowiedz si\u0119 wi\u0119cej<\/a><\/p> <p><a class=\"_brlbs-btn\" href=\"#\" data-borlabs-cookie-unblock role=\"button\">Za\u0142aduj map\u0119<\/a><\/p> <p><label><input type=\"checkbox\" name=\"unblockAll\" value=\"1\" checked> <small>Zawsze odblokowuj Mapy Google<\/small><\/label><\/p> <\/div> <\/div> <\/div><div class=\"borlabs-hide\" data-borlabs-cookie-type=\"content-blocker\" data-borlabs-cookie-id=\"googlemaps\"><script type=\"text\/template\">PGlmcmFtZSBsb2FkaW5nPSJsYXp5IiBzcmM9Imh0dHBzOi8vd3d3Lmdvb2dsZS5jb20vbWFwcy9lbWJlZD9wYj0hMW0xNCExbTghMW0zITFkNDY5My4yMjk0NjIwOTQ5MDYhMmQxNC4xNDI4MTkhM2Q1My45NzQxMDkwMDAwMDAwMDYhM20yITFpMTAyNCEyaTc2OCE0ZjEzLjEhM20zITFtMiExczB4MCUzQTB4ZGFhNjlmMTIxYWNkMGRhYiEyc1N0cmFuZGhvdGVsK00lQzMlQjZ3ZSE1ZTAhM20yITFzZGUhMnN1cyE0djE1NTA2MDEzMjg3NDciIHdpZHRoPSIxMDAlIiBoZWlnaHQ9IjQwMCIgZnJhbWVib3JkZXI9IjAiIHN0eWxlPSJib3JkZXI6MCIgYWxsb3dmdWxsc2NyZWVuPjwvaWZyYW1lPg==<\/script><\/div><\/div>\n\t\t<\/div>\n\t<\/div>\n<\/div><\/div><\/div><div class=\"wpb_column vc_column_container vc_col-sm-6\"><div class=\"vc_column-inner\"><div class=\"wpb_wrapper\">\n\t<div class=\"wpb_text_column wpb_content_element\" >\n\t\t<div class=\"wpb_wrapper\">\n\t\t\t<h4 style=\"text-align: justify;\">Mo\u017cesz r\u00f3wnie\u017c u\u017cy\u0107 tego formularza kontaktowego, aby wys\u0142a\u0107 do nas wiadomo\u015b\u0107 e-mail.<\/h4>\n\n\t\t<\/div>\n\t<\/div>\n\n<div class=\"wpcf7 no-js\" id=\"wpcf7-f5-o1\" lang=\"de-DE\" dir=\"ltr\" data-wpcf7-id=\"5\">\n<div class=\"screen-reader-response\"><p role=\"status\" aria-live=\"polite\" aria-atomic=\"true\"><\/p> <ul><\/ul><\/div>\n<form action=\"\/pl\/wp-json\/wp\/v2\/pages\/206#wpcf7-f5-o1\" method=\"post\" class=\"wpcf7-form init\" aria-label=\"Formularz kontaktowy\" novalidate=\"novalidate\" data-status=\"init\" data-trp-original-action=\"\/pl\/wp-json\/wp\/v2\/pages\/206#wpcf7-f5-o1\">\n<div style=\"display: none;\">\n<input type=\"hidden\" name=\"_wpcf7\" value=\"5\" \/>\n<input type=\"hidden\" name=\"_wpcf7_version\" value=\"6.0.6\" \/>\n<input type=\"hidden\" name=\"_wpcf7_locale\" value=\"de_DE\" \/>\n<input type=\"hidden\" name=\"_wpcf7_unit_tag\" value=\"wpcf7-f5-o1\" \/>\n<input type=\"hidden\" name=\"_wpcf7_container_post\" value=\"0\" \/>\n<input type=\"hidden\" name=\"_wpcf7_posted_data_hash\" value=\"\" \/>\n<\/div>\n<p><label> Twoje imi\u0119 i nazwisko*<br \/>\n<span class=\"wpcf7-form-control-wrap\" data-name=\"your-name\"><input size=\"40\" maxlength=\"400\" class=\"wpcf7-form-control wpcf7-text wpcf7-validates-as-required\" aria-required=\"true\" aria-invalid=\"false\" value=\"\" type=\"text\" name=\"your-name\" \/><\/span> <\/label>\n<\/p>\n<p><label> Tw\u00f3j adres e-mail*<br \/>\n<span class=\"wpcf7-form-control-wrap\" data-name=\"your-email\"><input size=\"40\" maxlength=\"400\" class=\"wpcf7-form-control wpcf7-email wpcf7-validates-as-required wpcf7-text wpcf7-validates-as-email\" aria-required=\"true\" aria-invalid=\"false\" value=\"\" type=\"email\" name=\"your-email\" \/><\/span> <\/label><br \/>\n<label> Tw\u00f3j numer telefonu*<br \/>\n<span class=\"wpcf7-form-control-wrap\" data-name=\"telefon\"><input size=\"40\" maxlength=\"400\" class=\"wpcf7-form-control wpcf7-text wpcf7-validates-as-required\" aria-required=\"true\" aria-invalid=\"false\" value=\"\" type=\"text\" name=\"telefon\" \/><\/span> <\/label>\n<\/p>\n<p><label> Przedmiot*<br \/>\n<span class=\"wpcf7-form-control-wrap\" data-name=\"your-subject\"><input size=\"40\" maxlength=\"400\" class=\"wpcf7-form-control wpcf7-text wpcf7-validates-as-required\" aria-required=\"true\" aria-invalid=\"false\" value=\"\" type=\"text\" name=\"your-subject\" \/><\/span> <\/label>\n<\/p>\n<p><label> Twoja wiadomo\u015b\u0107*<br \/>\n<span class=\"wpcf7-form-control-wrap\" data-name=\"your-message\"><textarea cols=\"40\" rows=\"10\" maxlength=\"2000\" class=\"wpcf7-form-control wpcf7-textarea wpcf7-validates-as-required\" aria-required=\"true\" aria-invalid=\"false\" name=\"your-message\"><\/textarea><\/span> <\/label><br \/>\n<span class=\"wpcf7-form-control-wrap\" data-name=\"agb\"><span class=\"wpcf7-form-control wpcf7-acceptance\"><span class=\"wpcf7-list-item\"><input type=\"checkbox\" name=\"agb\" value=\"1\" aria-invalid=\"false\" \/><\/span><\/span><\/span> Przyjmuj\u0119 <a href=\"https:\/\/www.strandhotelmoewe.de\/pl\/agb\/\" target=\"_blank\" rel=\"noopener\">og\u00f3lne zasady i warunki<\/a><br \/>\n<span class=\"wpcf7-form-control-wrap\" data-name=\"Datenschutz\"><span class=\"wpcf7-form-control wpcf7-acceptance\"><span class=\"wpcf7-list-item\"><input type=\"checkbox\" name=\"Datenschutz\" value=\"1\" aria-invalid=\"false\" \/><\/span><\/span><\/span> Wysy\u0142aj\u0105c nam swoj\u0105 wiadomo\u015b\u0107 zapewniasz nas, \u017ce przeczyta\u0142e\u015b i zrozumia\u0142e\u015b nasze <a href=\"https:\/\/www.strandhotelmoewe.de\/pl\/datenschutz\/\" target=\"_blank\" rel=\"noopener\">Polityka prywatno\u015bci<\/a> zapozna\u0142 si\u0119 z nimi i akceptuje je.\n<\/p>\n<p><span class=\"wpcf7-form-control-wrap\" data-name=\"Sicherheitsfrage\"><label><span class=\"wpcf7-quiz-label\">Na jakiej wyspie jeste\u015bmy?<\/span> <input size=\"40\" class=\"wpcf7-form-control wpcf7-quiz\" autocomplete=\"off\" aria-required=\"true\" aria-invalid=\"false\" type=\"text\" name=\"Sicherheitsfrage\" \/><\/label><input type=\"hidden\" name=\"_wpcf7_quiz_answer_Sicherheitsfrage\" value=\"6d33acc812e73932d364bc3c274db4fc\" \/><\/span>\n<\/p>\n<p><input class=\"wpcf7-form-control wpcf7-submit has-spinner\" type=\"submit\" value=\"Wy\u015blij\" \/>\n<\/p>\n<p>Wszystkie pola oznaczone * s\u0105 obowi\u0105zkowe\n<\/p><div class=\"wpcf7-response-output\" aria-hidden=\"true\"><\/div>\n<input type=\"hidden\" name=\"trp-form-language\" value=\"pl\"\/><\/form>\n<\/div>\n<\/div><\/div><\/div><\/div><\/div><\/div><\/div><\/div>\n<\/div>","protected":false},"excerpt":{"rendered":"<p>Kontakt &amp; Anfahrt Strandhotel M\u00f6we Hotelbetriebs GmbH Strandpromenade 29 17429 Seebad Bansin Telefon: 038378 &#8211; 272-0 Telefax: 038378 &#8211; 723-130 Ansprechpartnerin\u00a0 Nina Rupprecht\u00a0\/Gesch\u00e4ftsf\u00fchrerin Internet:\u00a0www.strandhotelmoewe.de E-Mail:\u00a0info@strandhotelmoewe.de &nbsp; Ihr Weg zu uns! F\u00fcr das Navigationssystem die Anschrift Bergstrasse 18 in 17429 Seebad Bansin eingeben. Gerne k\u00f6nnen Sie auch dieses Kontaktformular nutzen um uns eine Email zu senden.&hellip;<\/p>","protected":false},"author":1,"featured_media":0,"parent":0,"menu_order":0,"comment_status":"closed","ping_status":"closed","template":"","meta":{"footnotes":""},"class_list":["post-206","page","type-page","status-publish","hentry","description-off"],"_links":{"self":[{"href":"https:\/\/www.strandhotelmoewe.de\/pl\/wp-json\/wp\/v2\/pages\/206","targetHints":{"allow":["GET"]}}],"collection":[{"href":"https:\/\/www.strandhotelmoewe.de\/pl\/wp-json\/wp\/v2\/pages"}],"about":[{"href":"https:\/\/www.strandhotelmoewe.de\/pl\/wp-json\/wp\/v2\/types\/page"}],"author":[{"embeddable":true,"href":"https:\/\/www.strandhotelmoewe.de\/pl\/wp-json\/wp\/v2\/users\/1"}],"replies":[{"embeddable":true,"href":"https:\/\/www.strandhotelmoewe.de\/pl\/wp-json\/wp\/v2\/comments?post=206"}],"version-history":[{"count":0,"href":"https:\/\/www.strandhotelmoewe.de\/pl\/wp-json\/wp\/v2\/pages\/206\/revisions"}],"wp:attachment":[{"href":"https:\/\/www.strandhotelmoewe.de\/pl\/wp-json\/wp\/v2\/media?parent=206"}],"curies":[{"name":"wp","href":"https:\/\/api.w.org\/{rel}","templated":true}]}}