{"id":220,"date":"2019-02-19T19:00:59","date_gmt":"2019-02-19T19:00:59","guid":{"rendered":"https:\/\/neu2019.strandhotelmoewe.de\/?page_id=220"},"modified":"2021-11-23T15:53:39","modified_gmt":"2021-11-23T15:53:39","slug":"impressum","status":"publish","type":"page","link":"https:\/\/www.strandhotelmoewe.de\/pl\/impressum","title":{"rendered":"Nadruk"},"content":{"rendered":"<div class=\"wpb-content-wrapper\"><div class=\"vc_row wpb_row vc_row-fluid\"><div class=\"wpb_column vc_column_container vc_col-sm-12\"><div class=\"vc_column-inner\"><div class=\"wpb_wrapper\">\n\t<div class=\"wpb_text_column wpb_content_element\" >\n\t\t<div class=\"wpb_wrapper\">\n\t\t\t<div class=\"postmetadataheader\">\n<h1 class=\"postheader\" style=\"text-align: center;\">Nadruk<\/h1>\n<\/div>\n\n\t\t<\/div>\n\t<\/div>\n<div class=\"vc_row wpb_row vc_inner vc_row-fluid\"><div class=\"wpb_column vc_column_container vc_col-sm-6\"><div class=\"vc_column-inner\"><div class=\"wpb_wrapper\">\n\t<div class=\"wpb_text_column wpb_content_element\" >\n\t\t<div class=\"wpb_wrapper\">\n\t\t\t<h3>Informacje zgodnie z \u00a7 5 TMG:<\/h3>\n<p><strong>Strandhotel M\u00f6we Hotelbetriebs GmbH<\/strong><br \/>\nStrandpromenade 29<br \/>\n17429 Seebad Bansin<\/p>\n\n\t\t<\/div>\n\t<\/div>\n\n\t<div class=\"wpb_text_column wpb_content_element\" >\n\t\t<div class=\"wpb_wrapper\">\n\t\t\t<h3>Podatek od sprzeda\u017cy:<\/h3>\n<p>S\u0105d rejonowy Stralsund HRB 8658<br \/>\nUrz\u0105d Skarbowy w Greifswaldzie Numer podatkowy: 084\/120\/00820<br \/>\nDyrektor zarz\u0105dzaj\u0105cy: Nina Rupprecht<\/p>\n<p>Odpowiedzialny za tre\u015b\u0107 zgodnie z \u00a7 55 Abs. 2 RfStV:  Nina Rupprecht<\/p>\n<p>Sprzeciwiamy si\u0119 wykorzystywaniu lub przekazywaniu naszych danych w celu reklamy lub badania rynku lub opinii (\u00a7 28 ust. 4 federalnej ustawy o ochronie danych osobowych).<\/p>\n\n\t\t<\/div>\n\t<\/div>\n\n\t<div class=\"wpb_text_column wpb_content_element\" >\n\t\t<div class=\"wpb_wrapper\">\n\t\t\t<h3><strong>Projekt i realizacja techniczna serwisu internetowego:\u00a0<\/strong><\/h3>\n<p>PIPER-MEDIA<br \/>\nMarcel Piper<br \/>\nNa polu jeziora 18<br \/>\n17424 Nadmorski kurort Heringsdorf<br \/>\nTelefon:\u00a0<a href=\"tel:015206662999\">01520 6662999<\/a><\/p>\n<p><a href=\"http:\/\/www.piper-media.de\/\" target=\"_blank\" rel=\"noopener\">www.piper-media.de<\/a><br \/>\n<a href=\"mailto:info@piper-media.de\" target=\"_blank\" rel=\"noopener\">info@piper-media.de<\/a><\/p>\n\n\t\t<\/div>\n\t<\/div>\n<\/div><\/div><\/div><div class=\"wpb_column vc_column_container vc_col-sm-6\"><div class=\"vc_column-inner\"><div class=\"wpb_wrapper\">\n\t<div class=\"wpb_text_column wpb_content_element\" >\n\t\t<div class=\"wpb_wrapper\">\n\t\t\t<h3>Kontakt:<\/h3>\n<p>Telefon: 038378 - 272-0<br \/>\nFaks: 038378 -723-130<\/p>\n<p>E-mail:\u00a0<span id=\"cloak93674\"><a href=\"mailto:info@strandhotelmoewe.de\">info@strandhotelmoewe.de<\/a><\/span><\/p>\n\n\t\t<\/div>\n\t<\/div>\n\n\t<div class=\"wpb_text_column wpb_content_element\" >\n\t\t<div class=\"wpb_wrapper\">\n\t\t\t<h3>Zdj\u0119cia:<\/h3>\n<p>Okolice zdj\u0119\u0107: Strandhotel M\u00f6we, Marcel Piper -.\u00a0<a href=\"https:\/\/usedom-fotografie.de\/\" target=\"_blank\" rel=\"noopener\">Usedom-Fotografia.com<\/a><br \/>\nHotelowe strza\u0142y: Strandhotel M\u00f6we, fotograf Fewo - <a href=\"https:\/\/ferienwohnung-fotograf.de\/\" target=\"_blank\" rel=\"noopener\">Apartament wakacyjny Photographer.com<\/a><\/p>\n\n\t\t<\/div>\n\t<\/div>\n<\/div><\/div><\/div><\/div><div class=\"vc_row wpb_row vc_inner vc_row-fluid\"><div class=\"wpb_column vc_column_container vc_col-sm-12\"><div class=\"vc_column-inner\"><div class=\"wpb_wrapper\">\n\t<div class=\"wpb_text_column wpb_content_element\" >\n\t\t<div class=\"wpb_wrapper\">\n\t\t\t<h3 style=\"text-align: justify;\">Odniesienie do unijnego systemu rozstrzygania spor\u00f3w<\/h3>\n<p style=\"text-align: justify;\">Komisja Europejska udost\u0119pnia platform\u0119 do rozwi\u0105zywania spor\u00f3w online (OS):\u00a0<a href=\"http:\/\/ec.europa.eu\/consumers\/odr\">http:\/\/ec.europa.eu\/consumers\/odr<\/a><br \/>\nNasz adres e-mail mo\u017cna znale\u017a\u0107 w nadruku powy\u017cej.<\/p>\n<p style=\"text-align: justify;\">\u0179r\u00f3d\u0142o:\u00a0<em><a href=\"https:\/\/www.e-recht24.de\/artikel\/datenschutz\/209.html\">https:\/\/www.e-recht24.de<\/a><\/em><\/p>\n<h3 style=\"text-align: justify;\">Zastrze\u017cenie<\/h3>\n<h3 style=\"text-align: justify;\">Odpowiedzialno\u015b\u0107 za zawarto\u015b\u0107<\/h3>\n<p style=\"text-align: justify;\">Jako us\u0142ugodawca jeste\u015bmy odpowiedzialni za w\u0142asne tre\u015bci na tych stronach zgodnie z og\u00f3lnymi przepisami prawa zgodnie z \u00a7 7 ust. 1 TMG. Zgodnie z \u00a7\u00a7 8 do 10 TMG nie jeste\u015bmy jednak zobowi\u0105zani jako us\u0142ugodawca do monitorowania przekazywanych lub zapisywanych informacji os\u00f3b trzecich lub do badania okoliczno\u015bci wskazuj\u0105cych na nielegaln\u0105 dzia\u0142alno\u015b\u0107.<\/p>\n<p style=\"text-align: justify;\">Zobowi\u0105zania do usuni\u0119cia lub zablokowania wykorzystania informacji zgodnie z og\u00f3lnymi przepisami prawa pozostaj\u0105 nienaruszone. Odpowiedzialno\u015b\u0107 w tym zakresie jest jednak mo\u017cliwa dopiero od momentu powzi\u0119cia wiadomo\u015bci o konkretnym naruszeniu. Je\u015bli dowiemy si\u0119 o takich naruszeniach, natychmiast usuniemy te tre\u015bci.<\/p>\n<h3 style=\"text-align: justify;\">Odpowiedzialno\u015b\u0107 za linki<\/h3>\n<p style=\"text-align: justify;\">Nasza oferta zawiera linki do zewn\u0119trznych stron internetowych os\u00f3b trzecich, na kt\u00f3rych tre\u015b\u0107 nie mamy \u017cadnego wp\u0142ywu. Dlatego nie mo\u017cemy przej\u0105\u0107 \u017cadnej odpowiedzialno\u015bci za te tre\u015bci zewn\u0119trzne. Za tre\u015b\u0107 stron, do kt\u00f3rych odsy\u0142aj\u0105 linki, odpowiada zawsze dany oferent lub operator strony. Strony, do kt\u00f3rych odsy\u0142aj\u0105 linki, zosta\u0142y sprawdzone pod k\u0105tem ewentualnych narusze\u0144 prawa w momencie umieszczania link\u00f3w. Nielegalne tre\u015bci nie by\u0142y rozpoznawalne w momencie linkowania.<\/p>\n<p style=\"text-align: justify;\">Jednak\u017ce sta\u0142a kontrola zawarto\u015bci stron, do kt\u00f3rych prowadz\u0105 linki, nie jest uzasadniona bez konkretnych dowod\u00f3w na naruszenie prawa. Je\u017celi dowiemy si\u0119 o naruszeniu prawa, niezw\u0142ocznie usuniemy takie linki.<\/p>\n<h3 style=\"text-align: justify;\">Copyright<\/h3>\n<p style=\"text-align: justify;\">Tre\u015bci i dzie\u0142a stworzone przez administrator\u00f3w stron na tych stronach podlegaj\u0105 niemieckiemu prawu autorskiemu. Powielanie, przetwarzanie, rozpowszechnianie i wszelkiego rodzaju wykorzystywanie wykraczaj\u0105ce poza granice prawa autorskiego wymaga pisemnej zgody danego autora lub tw\u00f3rcy. Pobieranie i kopiowanie tej strony jest dozwolone tylko do prywatnego, niekomercyjnego u\u017cytku.<\/p>\n<p style=\"text-align: justify;\">O ile tre\u015bci na tej stronie nie zosta\u0142y stworzone przez operatora, przestrzegane s\u0105 prawa autorskie os\u00f3b trzecich. W szczeg\u00f3lno\u015bci tre\u015bci os\u00f3b trzecich s\u0105 oznaczone jako takie. Je\u015bli mimo to dowiedz\u0105 si\u0119 Pa\u0144stwo o naruszeniu praw autorskich, prosimy o stosown\u0105 informacj\u0119. Je\u015bli dowiemy si\u0119 o jakichkolwiek naruszeniach, natychmiast usuniemy takie tre\u015bci.<\/p>\n\n\t\t<\/div>\n\t<\/div>\n<\/div><\/div><\/div><\/div><\/div><\/div><\/div><\/div>\n<\/div>","protected":false},"excerpt":{"rendered":"<p>Impressum Angaben gem\u00e4\u00df \u00a7 5 TMG: Strandhotel M\u00f6we Hotelbetriebs GmbH Strandpromenade 29 17429 Seebad Bansin Umsatzsteuer: Amtsgericht Stralsund HRB 8658 Finanzamt Greifswald Steuernummer: 084\/120\/00820 Gesch\u00e4ftsf\u00fchrerin: Nina Rupprecht Inhaltlich verantwortlich gem\u00e4\u00df \u00a7 55 Abs. 2 RfStV:\u00a0 Nina Rupprecht Wir widersprechen der Nutzung oder \u00dcbermittlung unserer Daten f\u00fcr Zwecke der Werbung oder der Markt- oder Meinungsforschung (\u00a7&hellip;<\/p>","protected":false},"author":1,"featured_media":0,"parent":0,"menu_order":0,"comment_status":"closed","ping_status":"closed","template":"","meta":{"footnotes":""},"class_list":["post-220","page","type-page","status-publish","hentry","description-off"],"_links":{"self":[{"href":"https:\/\/www.strandhotelmoewe.de\/pl\/wp-json\/wp\/v2\/pages\/220","targetHints":{"allow":["GET"]}}],"collection":[{"href":"https:\/\/www.strandhotelmoewe.de\/pl\/wp-json\/wp\/v2\/pages"}],"about":[{"href":"https:\/\/www.strandhotelmoewe.de\/pl\/wp-json\/wp\/v2\/types\/page"}],"author":[{"embeddable":true,"href":"https:\/\/www.strandhotelmoewe.de\/pl\/wp-json\/wp\/v2\/users\/1"}],"replies":[{"embeddable":true,"href":"https:\/\/www.strandhotelmoewe.de\/pl\/wp-json\/wp\/v2\/comments?post=220"}],"version-history":[{"count":0,"href":"https:\/\/www.strandhotelmoewe.de\/pl\/wp-json\/wp\/v2\/pages\/220\/revisions"}],"wp:attachment":[{"href":"https:\/\/www.strandhotelmoewe.de\/pl\/wp-json\/wp\/v2\/media?parent=220"}],"curies":[{"name":"wp","href":"https:\/\/api.w.org\/{rel}","templated":true}]}}