{"id":592,"date":"2025-10-08T15:46:03","date_gmt":"2025-10-08T15:46:03","guid":{"rendered":"https:\/\/www.strandhotelmoewe.de\/?page_id=592"},"modified":"2025-10-09T10:05:26","modified_gmt":"2025-10-09T10:05:26","slug":"urlaub-mit-hund","status":"publish","type":"page","link":"https:\/\/www.strandhotelmoewe.de\/pl\/urlaub-mit-hund","title":{"rendered":"Urlaub mit Hund"},"content":{"rendered":"<div class=\"wpb-content-wrapper\"><div class=\"vc_row wpb_row vc_row-fluid\"><div class=\"wpb_column vc_column_container vc_col-sm-12\"><div class=\"vc_column-inner\"><div class=\"wpb_wrapper\">\n\t<div class=\"wpb_text_column wpb_content_element\" >\n\t\t<div class=\"wpb_wrapper\">\n\t\t\t<div class=\"postmetadataheader\">\n<h1 class=\"postheader\" style=\"text-align: center;\">Urlaub mit Hund<\/h1>\n<\/div>\n\n\t\t<\/div>\n\t<\/div>\n<div class=\"vc_row wpb_row vc_inner vc_row-fluid\"><div class=\"wpb_column vc_column_container vc_col-sm-6\"><div class=\"vc_column-inner\"><div class=\"wpb_wrapper\"><div class=\"ult-spacer spacer-69f243d3b595b\" data-id=\"69f243d3b595b\" data-height=\"35\" data-height-mobile=\"35\" data-height-tab=\"35\" data-height-tab-portrait=\"\" data-height-mobile-landscape=\"\" style=\"clear:both;display:block;\"><\/div>\n\t<div class=\"wpb_text_column wpb_content_element\" >\n\t\t<div class=\"wpb_wrapper\">\n\t\t\t<div class=\"postmetadataheader\">\n<h2 class=\"postheader\" style=\"text-align: center;\">TIERISCH TOLLER URLAUB<\/h2>\n<\/div>\n\n\t\t<\/div>\n\t<\/div>\n\n\t<div class=\"wpb_text_column wpb_content_element\" >\n\t\t<div class=\"wpb_wrapper\">\n\t\t\t<p style=\"font-weight: 400;\"><strong>URLAUB MIT IHREM HUND AN DER OSTSEE AUF USEDOM<\/strong><\/p>\n<p style=\"font-weight: 400;\"><strong>GEMEINSAM MIT IHREM HUND DIE INSEL USEDOM GENIESSEN<\/strong><\/p>\n<p style=\"font-weight: 400;\">Usedom ist ein\u00a0<strong>Paradies f\u00fcr Hundebesitzer.<\/strong>\u00a0Die Usedomer mit ihrem gelassenen Gem\u00fct und ihrer bodenst\u00e4ndigen Herzlichkeit sind daf\u00fcr bekannt, nicht nur kinder- sondern auch hundefreundlich zu sein. Ihr Hund darf auf unserer wundersch\u00f6nen Insel an zahlreichen Strandabschnitten ausgelassen mit Ihnen toben und Strand &amp; Meer genie\u00dfen.<\/p>\n<p style=\"font-weight: 400;\">In unserem Strandhotel M\u00f6we sind Sie mit Ihrem vierbeinigen Freund ebenfalls herzlich willkommen. Verbringen Sie bei uns gemeinsam die sch\u00f6nste Zeit des Jahres, Ihren Urlaub und genie\u00dfen Sie ohne Stress und Zeitdruck die wundervolle Natur der Insel Usedom f\u00fcr lange Spazierg\u00e4nge, Wanderungen und ausgelassenes Spielen mit dem vierbeinigen Familienmitglied &#8230;<\/p>\n\n\t\t<\/div>\n\t<\/div>\n<div class=\"vc_separator wpb_content_element vc_separator_align_center vc_sep_width_80 vc_sep_pos_align_center vc_separator_no_text vc_custom_1759939303485 wpb_content_element  vc_custom_1759939303485 wpb_content_element\" ><span class=\"vc_sep_holder vc_sep_holder_l\"><span style=\"border-color:#ff2c21;\" class=\"vc_sep_line\"><\/span><\/span><span class=\"vc_sep_holder vc_sep_holder_r\"><span style=\"border-color:#ff2c21;\" class=\"vc_sep_line\"><\/span><\/span>\n<\/div><\/div><\/div><\/div><div class=\"wpb_column vc_column_container vc_col-sm-6\"><div class=\"vc_column-inner\"><div class=\"wpb_wrapper\">\n\t<div  class=\"wpb_single_image wpb_content_element vc_align_center\">\n\t\t\n\t\t<figure class=\"wpb_wrapper vc_figure\">\n\t\t\t<div class=\"vc_single_image-wrapper   vc_box_border_grey\"><img loading=\"lazy\" decoding=\"async\" width=\"1024\" height=\"765\" src=\"https:\/\/www.strandhotelmoewe.de\/wp-content\/uploads\/2025\/10\/vizsla-2111757_1920-1024x765.jpg\" class=\"vc_single_image-img attachment-large\" alt=\"\" title=\"vizsla-2111757_1920\" srcset=\"https:\/\/www.strandhotelmoewe.de\/wp-content\/uploads\/2025\/10\/vizsla-2111757_1920-1024x765.jpg 1024w, https:\/\/www.strandhotelmoewe.de\/wp-content\/uploads\/2025\/10\/vizsla-2111757_1920-300x224.jpg 300w, https:\/\/www.strandhotelmoewe.de\/wp-content\/uploads\/2025\/10\/vizsla-2111757_1920-768x574.jpg 768w, https:\/\/www.strandhotelmoewe.de\/wp-content\/uploads\/2025\/10\/vizsla-2111757_1920-1536x1147.jpg 1536w, https:\/\/www.strandhotelmoewe.de\/wp-content\/uploads\/2025\/10\/vizsla-2111757_1920-16x12.jpg 16w, https:\/\/www.strandhotelmoewe.de\/wp-content\/uploads\/2025\/10\/vizsla-2111757_1920.jpg 1920w\" sizes=\"auto, (max-width: 1024px) 100vw, 1024px\"  data-dt-location=\"https:\/\/www.strandhotelmoewe.de\/pl\/urlaub-mit-hund\/vizsla-2111757_1920\" \/><\/div>\n\t\t<\/figure>\n\t<\/div>\n<\/div><\/div><\/div><\/div><div class=\"vc_row wpb_row vc_inner vc_row-fluid\"><div class=\"wpb_column vc_column_container vc_col-sm-12\"><div class=\"vc_column-inner\"><div class=\"wpb_wrapper\"><div class=\"ult-spacer spacer-69f243d3b6ee2\" data-id=\"69f243d3b6ee2\" data-height=\"50\" data-height-mobile=\"50\" data-height-tab=\"50\" data-height-tab-portrait=\"\" data-height-mobile-landscape=\"\" style=\"clear:both;display:block;\"><\/div>\n\t<div class=\"wpb_text_column wpb_content_element\" >\n\t\t<div class=\"wpb_wrapper\">\n\t\t\t<div class=\"postmetadataheader\">\n<h2 class=\"postheader\" style=\"text-align: center;\">HAUSREGELN F\u00dcR DIE UNTERKUNFT MIT IHREM HUND<\/h2>\n<\/div>\n\n\t\t<\/div>\n\t<\/div>\n\n\t<div class=\"wpb_text_column wpb_content_element\" >\n\t\t<div class=\"wpb_wrapper\">\n\t\t\t<p style=\"font-weight: 400;\"><strong><em>Liebe G\u00e4ste, Liebe Hundehalter, <\/em><\/strong><\/p>\n<p style=\"font-weight: 400;\"><strong><em>wir freuen uns, dass Sie auch Ihrem 4-beinigen Familienmitglied einen Urlaub an der Ostsee erm\u00f6glichen! <\/em><\/strong><\/p>\n<ul>\n<li style=\"font-weight: 400;\"><em>Die Anwesenheit des Hundes muss bei der Buchung angegeben werden (15\u20ac pro Nacht)\u00a0<\/em><\/li>\n<li style=\"font-weight: 400;\"><em>Hunden ist der Zugang zum Garten und Speisesaal nicht gestattet<\/em><\/li>\n<li style=\"font-weight: 400;\"><em>Der Hund kann allein im Zimmer gelassen werden, sofern der Hund stubenrein,<br \/>\nsowie gut erzogen ist<\/em><\/li>\n<li style=\"font-weight: 400;\"><em>Evtl. bringen Sie das Schild \u201eBitte nicht st\u00f6ren\u201d an. Es kann sein, dass das Zimmer nicht regelm\u00e4\u00dfig gereinigt werden kann, wenn der Hund unbeaufsichtigt<br \/>\nim Zimmer gelassen wird<\/em><\/li>\n<li style=\"font-weight: 400;\"><em>Das Hotel stellt kostenpflichtig Hundek\u00f6rbchen,<br \/>\nN\u00e4pfe oder Hundefutter zur Verf\u00fcgung (bitte Anfragen)<\/em><\/li>\n<li style=\"font-weight: 400;\"><em>Der Besitzer muss stets darauf achten, dass sein Hund keine Verschmutzungen verursacht und andere G\u00e4ste nicht st\u00f6rt<\/em><\/li>\n<li style=\"font-weight: 400;\"><em>Der Hund muss immer an der Leine gef\u00fchrt werden<\/em><\/li>\n<li style=\"font-weight: 400;\"><em>Es ist strengstens verboten, den Hund auf Betten, Sessel, St\u00fchle und Tische zu lassen<\/em><\/li>\n<li style=\"font-weight: 400;\"><em>Manchmal machen Hunde verr\u00fcckte Sachen und es entsteht ein Schaden<br \/>\nKommen Sie bitte direkt zu uns und wir finden eine ad\u00e4quate L\u00f6sung!<\/em><\/li>\n<\/ul>\n<p style=\"font-weight: 400;\"><strong><em>\u00a0<\/em><em>Weitere n\u00fctzliche Informationen<\/em><\/strong><\/p>\n<ul>\n<li style=\"font-weight: 400;\"><em>Nur 200 m vom Hotel entfernt gibt es einen Hundestrand ca. 100 m vom Hotel entfernt gibt es einen gro\u00dfen Wald<\/em><\/li>\n<\/ul>\n\n\t\t<\/div>\n\t<\/div>\n<\/div><\/div><\/div><\/div><\/div><\/div><\/div><\/div>\n<\/div>","protected":false},"excerpt":{"rendered":"<p>Urlaub mit Hund TIERISCH TOLLER URLAUB URLAUB MIT IHREM HUND AN DER OSTSEE AUF USEDOM GEMEINSAM MIT IHREM HUND DIE INSEL USEDOM GENIESSEN Usedom ist ein\u00a0Paradies f\u00fcr Hundebesitzer.\u00a0Die Usedomer mit ihrem gelassenen Gem\u00fct und ihrer bodenst\u00e4ndigen Herzlichkeit sind daf\u00fcr bekannt, nicht nur kinder- sondern auch hundefreundlich zu sein. Ihr Hund darf auf unserer wundersch\u00f6nen Insel&hellip;<\/p>","protected":false},"author":1,"featured_media":0,"parent":0,"menu_order":0,"comment_status":"closed","ping_status":"closed","template":"","meta":{"footnotes":""},"class_list":["post-592","page","type-page","status-publish","hentry","description-off"],"_links":{"self":[{"href":"https:\/\/www.strandhotelmoewe.de\/pl\/wp-json\/wp\/v2\/pages\/592","targetHints":{"allow":["GET"]}}],"collection":[{"href":"https:\/\/www.strandhotelmoewe.de\/pl\/wp-json\/wp\/v2\/pages"}],"about":[{"href":"https:\/\/www.strandhotelmoewe.de\/pl\/wp-json\/wp\/v2\/types\/page"}],"author":[{"embeddable":true,"href":"https:\/\/www.strandhotelmoewe.de\/pl\/wp-json\/wp\/v2\/users\/1"}],"replies":[{"embeddable":true,"href":"https:\/\/www.strandhotelmoewe.de\/pl\/wp-json\/wp\/v2\/comments?post=592"}],"version-history":[{"count":12,"href":"https:\/\/www.strandhotelmoewe.de\/pl\/wp-json\/wp\/v2\/pages\/592\/revisions"}],"predecessor-version":[{"id":608,"href":"https:\/\/www.strandhotelmoewe.de\/pl\/wp-json\/wp\/v2\/pages\/592\/revisions\/608"}],"wp:attachment":[{"href":"https:\/\/www.strandhotelmoewe.de\/pl\/wp-json\/wp\/v2\/media?parent=592"}],"curies":[{"name":"wp","href":"https:\/\/api.w.org\/{rel}","templated":true}]}}