{"id":93,"date":"2019-02-19T13:35:30","date_gmt":"2019-02-19T13:35:30","guid":{"rendered":"https:\/\/neu2019.strandhotelmoewe.de\/?page_id=93"},"modified":"2025-10-08T14:09:51","modified_gmt":"2025-10-08T14:09:51","slug":"unser-service","status":"publish","type":"page","link":"https:\/\/www.strandhotelmoewe.de\/pl\/unser-service","title":{"rendered":"Nasze us\u0142ugi"},"content":{"rendered":"<div class=\"wpb-content-wrapper\"><div class=\"vc_row wpb_row vc_row-fluid\"><div class=\"wpb_column vc_column_container vc_col-sm-12\"><div class=\"vc_column-inner\"><div class=\"wpb_wrapper\">\n\t<div class=\"wpb_text_column wpb_content_element\" >\n\t\t<div class=\"wpb_wrapper\">\n\t\t\t<div class=\"postmetadataheader\">\n<h1 class=\"postheader\" style=\"text-align: center;\">Nasze us\u0142ugi<\/h1>\n<\/div>\n\n\t\t<\/div>\n\t<\/div>\n<div class=\"vc_row wpb_row vc_inner vc_row-fluid\"><div class=\"wpb_column vc_column_container vc_col-sm-6\"><div class=\"vc_column-inner\"><div class=\"wpb_wrapper\">\n\t<div class=\"wpb_text_column wpb_content_element\" >\n\t\t<div class=\"wpb_wrapper\">\n\t\t\t<h3>Nasza mi\u0142a obs\u0142uga nie pozostawia nic do \u017cyczenia i przekona Pa\u0144stwa:<\/h3>\n<p>&nbsp;<\/p>\n<ul>\n<li>\n<p style=\"font-weight: 400;\"><strong>urozmaicone \u015bniadanie w formie bufetu (mo\u017cliwe r\u00f3wnie\u017c na balkonie\/tarasie)<\/strong><\/p>\n<\/li>\n<li>\n<p style=\"font-weight: 400;\">Parkpl\u00e4tze f\u00fcr alle G\u00e4ste vorhanden (15\u20ac pro Tag\/auf Wunsch mit E-Ladestation)<\/p>\n<\/li>\n<li>\n<p style=\"font-weight: 400;\">Abschlie\u00dfbare Abstellm\u00f6glichkeiten f\u00fcr Fahrr\u00e4der <strong>(kostenfrei)<\/strong><\/p>\n<\/li>\n<li>\n<p style=\"font-weight: 400;\">Hunde \u00fcbernachten bei uns auf Anfrage f\u00fcr 15\u20ac\/ Nacht<\/p>\n<\/li>\n<li>\n<p style=\"font-weight: 400;\">dla podr\u00f3\u017cuj\u0105cych samolotem transfer z\/do lotniska Heringsdorf <strong>(kostenfrei)<\/strong><\/p>\n<\/li>\n<li>\n<p style=\"font-weight: 400;\">dla podr\u00f3\u017cuj\u0105cych kolej\u0105 transfer z\/do stacji Heringsdorf i kurortu nadmorskiego Bansin <strong>(kostenfrei)<\/strong><\/p>\n<\/li>\n<li>\n<p style=\"font-weight: 400;\">Bereitstellung der Tageszeitung <strong>(kostenfrei)<\/strong><\/p>\n<\/li>\n<li>\n<p style=\"font-weight: 400;\">Bereitstellung Ihrer individuellen Tageszeitung <strong>(geb\u00fchrenpflichtig)<\/strong><\/p>\n<\/li>\n<li>\n<p style=\"font-weight: 400;\">Zentrale Internetzugangsm\u00f6glichkeit f\u00fcr gasteigenen Laptop vorhanden <strong>(kostenfrei)<\/strong><\/p>\n<\/li>\n<li>\n<p style=\"font-weight: 400;\">B\u00fcgelservice im Haus\u00a0<strong>(geb\u00fchrenpflichtig)<\/strong><\/p>\n<\/li>\n<li>\n<p style=\"font-weight: 400;\">Schuhputzservice <strong>(geb\u00fchrenpflichtig)<\/strong><\/p>\n<\/li>\n<li>\n<p style=\"font-weight: 400;\">dodatkowe poduszki i ko\u0142dry<\/p>\n<\/li>\n<li>\n<p style=\"font-weight: 400;\">Organizacja bukiet\u00f3w i prezent\u00f3w (rezerwacja co najmniej dwa dni przed przyjazdem za op\u0142at\u0105)<\/p>\n<\/li>\n<li>\n<p style=\"font-weight: 400;\">Codziennie \u015bwie\u017ce owoce<\/p>\n<\/li>\n<li><em><strong>przyjazny u\u015bmiech\u00a0<\/strong><\/em><em><strong>\ud83d\ude09<\/strong><\/em><\/li>\n<\/ul>\n<p style=\"text-align: center;\">Nasz personel rozpie\u015bci Pa\u0144stwa ciep\u0142\u0105, osobist\u0105 i indywidualn\u0105 obs\u0142ug\u0105.<\/p>\n\n\t\t<\/div>\n\t<\/div>\n<\/div><\/div><\/div><div class=\"wpb_column vc_column_container vc_col-sm-6\"><div class=\"vc_column-inner\"><div class=\"wpb_wrapper\">\n<div class=\"vc_grid-container-wrapper vc_clearfix vc_grid-animation-fadeIn\">\n\t<div class=\"vc_grid-container vc_clearfix wpb_content_element vc_media_grid\" data-initial-loading-animation=\"fadeIn\" data-vc-grid-settings=\"{&quot;page_id&quot;:93,&quot;style&quot;:&quot;all&quot;,&quot;action&quot;:&quot;vc_get_vc_grid_data&quot;,&quot;shortcode_id&quot;:&quot;1759932525648-e3f7a2aa-1db5-3&quot;,&quot;tag&quot;:&quot;vc_media_grid&quot;}\" data-vc-request=\"https:\/\/www.strandhotelmoewe.de\/wp-admin\/admin-ajax.php\" data-vc-post-id=\"93\" data-vc-public-nonce=\"c30c15cd6d\">\n\t\t\n\t<\/div>\n<\/div><\/div><\/div><\/div><\/div><\/div><\/div><\/div><\/div>\n<\/div>","protected":false},"excerpt":{"rendered":"<p>Unser Service Unser liebensw\u00fcrdiger Service l\u00e4sst keine W\u00fcnsche offen und wird Sie \u00fcberzeugen: &nbsp; vielf\u00e4ltiges Fr\u00fchst\u00fccksbuffet (auch auf d. Balkon\/Terrasse m\u00f6glich) Parkpl\u00e4tze f\u00fcr alle G\u00e4ste vorhanden (15\u20ac pro Tag\/auf Wunsch mit E-Ladestation) Abschlie\u00dfbare Abstellm\u00f6glichkeiten f\u00fcr Fahrr\u00e4der (kostenfrei) Hunde \u00fcbernachten bei uns auf Anfrage f\u00fcr 15\u20ac\/ Nacht f\u00fcr Flugreisende Transfer vom\/zum Flughafen Heringsdorf (kostenfrei) f\u00fcr Bahnreisende&hellip;<\/p>","protected":false},"author":1,"featured_media":0,"parent":0,"menu_order":0,"comment_status":"closed","ping_status":"closed","template":"","meta":{"footnotes":""},"class_list":["post-93","page","type-page","status-publish","hentry","description-off"],"_links":{"self":[{"href":"https:\/\/www.strandhotelmoewe.de\/pl\/wp-json\/wp\/v2\/pages\/93","targetHints":{"allow":["GET"]}}],"collection":[{"href":"https:\/\/www.strandhotelmoewe.de\/pl\/wp-json\/wp\/v2\/pages"}],"about":[{"href":"https:\/\/www.strandhotelmoewe.de\/pl\/wp-json\/wp\/v2\/types\/page"}],"author":[{"embeddable":true,"href":"https:\/\/www.strandhotelmoewe.de\/pl\/wp-json\/wp\/v2\/users\/1"}],"replies":[{"embeddable":true,"href":"https:\/\/www.strandhotelmoewe.de\/pl\/wp-json\/wp\/v2\/comments?post=93"}],"version-history":[{"count":2,"href":"https:\/\/www.strandhotelmoewe.de\/pl\/wp-json\/wp\/v2\/pages\/93\/revisions"}],"predecessor-version":[{"id":591,"href":"https:\/\/www.strandhotelmoewe.de\/pl\/wp-json\/wp\/v2\/pages\/93\/revisions\/591"}],"wp:attachment":[{"href":"https:\/\/www.strandhotelmoewe.de\/pl\/wp-json\/wp\/v2\/media?parent=93"}],"curies":[{"name":"wp","href":"https:\/\/api.w.org\/{rel}","templated":true}]}}